{"id":1022,"date":"2021-10-13T00:00:00","date_gmt":"2021-10-13T00:00:00","guid":{"rendered":"https:\/\/tienda.cocinascisa.com\/index.php\/producto\/freidoras-frymax\/"},"modified":"2026-03-18T18:38:44","modified_gmt":"2026-03-18T18:38:44","slug":"freidoras-frymax","status":"publish","type":"product","link":"https:\/\/tienda.cocinascisa.com\/index.php\/producto\/freidoras-frymax\/","title":{"rendered":"FREIDORAS FRYMAX"},"content":{"rendered":"<p>Freidora de alta producci\u00f3n y bajo consumo de energ\u00eda. Mueble en acero inoxidable.<br \/>\nFreidora computarizada con alta capacidad de producci\u00f3n (25 kg. de papa precocida\/hr.).<br \/>\nBajo consumo de energ\u00eda (60000 BTU\/hr.) y bajo nivel de aceite (10 lts.).<br \/>\nSistema de calentamiento por intercambiador flotante y quemador tipo antorcha (ambos patentados) en tina con zona de fre\u00eddo y zona fr\u00eda.<br \/>\nSistema de control de alta precisi\u00f3n \u00b1 1 \u00b0C.<br \/>\nPrograma de ahorro de energ\u00eda que se adapta a la demanda de mayor producci\u00f3n o menor producci\u00f3n.<br \/>\nEl equipo impide que los aceites lleguen al punto de humeo y se descompongan, ya que cuenta con un programa para grasas s\u00f3lidas para evitar el deterioro del aceite nuevo.<br \/>\nSistema de seguridad de doble sensor de temperatura tipo PT100. Dimensiones<br \/>\nFrente: 0.40mts<br \/>\nFondo: 0.83 mts<br \/>\nAlto: 1.20 mts<br \/>\nPeso neto: 64 Kgs<br \/>\nConsumos60,000 BTU\/Hr<\/p>\n","protected":false},"excerpt":{"rendered":"<p>FREIDORA DE ALTA PRODUCCION Y BAJO CONSUMO DE ENERGIA. FRYMAX<\/p>\n","protected":false},"featured_media":1023,"comment_status":"closed","ping_status":"closed","template":"","meta":{"site-sidebar-layout":"default","site-content-layout":"","ast-site-content-layout":"default","site-content-style":"default","site-sidebar-style":"default","ast-global-header-display":"","ast-banner-title-visibility":"","ast-main-header-display":"","ast-hfb-above-header-display":"","ast-hfb-below-header-display":"","ast-hfb-mobile-header-display":"","site-post-title":"","ast-breadcrumbs-content":"","ast-featured-img":"","footer-sml-layout":"","ast-disable-related-posts":"","theme-transparent-header-meta":"","adv-header-id-meta":"","stick-header-meta":"","header-above-stick-meta":"","header-main-stick-meta":"","header-below-stick-meta":"","astra-migrate-meta-layouts":"default","ast-page-background-enabled":"default","ast-page-background-meta":{"desktop":{"background-color":"var(--ast-global-color-5)","background-image":"","background-repeat":"repeat","background-position":"center center","background-size":"auto","background-attachment":"scroll","background-type":"","background-media":"","overlay-type":"","overlay-color":"","overlay-opacity":"","overlay-gradient":""},"tablet":{"background-color":"","background-image":"","background-repeat":"repeat","background-position":"center center","background-size":"auto","background-attachment":"scroll","background-type":"","background-media":"","overlay-type":"","overlay-color":"","overlay-opacity":"","overlay-gradient":""},"mobile":{"background-color":"","background-image":"","background-repeat":"repeat","background-position":"center center","background-size":"auto","background-attachment":"scroll","background-type":"","background-media":"","overlay-type":"","overlay-color":"","overlay-opacity":"","overlay-gradient":""}},"ast-content-background-meta":{"desktop":{"background-color":"var(--ast-global-color-4)","background-image":"","background-repeat":"repeat","background-position":"center center","background-size":"auto","background-attachment":"scroll","background-type":"","background-media":"","overlay-type":"","overlay-color":"","overlay-opacity":"","overlay-gradient":""},"tablet":{"background-color":"var(--ast-global-color-4)","background-image":"","background-repeat":"repeat","background-position":"center center","background-size":"auto","background-attachment":"scroll","background-type":"","background-media":"","overlay-type":"","overlay-color":"","overlay-opacity":"","overlay-gradient":""},"mobile":{"background-color":"var(--ast-global-color-4)","background-image":"","background-repeat":"repeat","background-position":"center center","background-size":"auto","background-attachment":"scroll","background-type":"","background-media":"","overlay-type":"","overlay-color":"","overlay-opacity":"","overlay-gradient":""}}},"product_brand":[],"product_cat":[342,343,337,305],"product_tag":[],"class_list":{"0":"post-1022","1":"product","2":"type-product","3":"status-publish","4":"has-post-thumbnail","6":"product_cat-freidor-comercial-freidores","7":"product_cat-freidor-linea-pesada","8":"product_cat-freidores","9":"product_cat-san-son","10":"desktop-align-left","11":"tablet-align-left","12":"mobile-align-left","14":"first","15":"instock","16":"purchasable","17":"product-type-simple"},"_links":{"self":[{"href":"https:\/\/tienda.cocinascisa.com\/index.php\/wp-json\/wp\/v2\/product\/1022","targetHints":{"allow":["GET"]}}],"collection":[{"href":"https:\/\/tienda.cocinascisa.com\/index.php\/wp-json\/wp\/v2\/product"}],"about":[{"href":"https:\/\/tienda.cocinascisa.com\/index.php\/wp-json\/wp\/v2\/types\/product"}],"replies":[{"embeddable":true,"href":"https:\/\/tienda.cocinascisa.com\/index.php\/wp-json\/wp\/v2\/comments?post=1022"}],"wp:featuredmedia":[{"embeddable":true,"href":"https:\/\/tienda.cocinascisa.com\/index.php\/wp-json\/wp\/v2\/media\/1023"}],"wp:attachment":[{"href":"https:\/\/tienda.cocinascisa.com\/index.php\/wp-json\/wp\/v2\/media?parent=1022"}],"wp:term":[{"taxonomy":"product_brand","embeddable":true,"href":"https:\/\/tienda.cocinascisa.com\/index.php\/wp-json\/wp\/v2\/product_brand?post=1022"},{"taxonomy":"product_cat","embeddable":true,"href":"https:\/\/tienda.cocinascisa.com\/index.php\/wp-json\/wp\/v2\/product_cat?post=1022"},{"taxonomy":"product_tag","embeddable":true,"href":"https:\/\/tienda.cocinascisa.com\/index.php\/wp-json\/wp\/v2\/product_tag?post=1022"}],"curies":[{"name":"wp","href":"https:\/\/api.w.org\/{rel}","templated":true}]}}