{"id":1101,"date":"2021-10-13T00:00:00","date_gmt":"2021-10-13T00:00:00","guid":{"rendered":"https:\/\/tienda.cocinascisa.com\/index.php\/producto\/horno-de-brasa-o-asador-de-brasa-con-puerta-hmb-75\/"},"modified":"2026-03-18T18:39:36","modified_gmt":"2026-03-18T18:39:36","slug":"horno-de-brasa-o-asador-de-brasa-con-puerta-hmb-75","status":"publish","type":"product","link":"https:\/\/tienda.cocinascisa.com\/index.php\/producto\/horno-de-brasa-o-asador-de-brasa-con-puerta-hmb-75\/","title":{"rendered":"HORNO DE BRASA O ASADOR DE BRASA CON PUERTA. HMB-75"},"content":{"rendered":"<p>Fabricado en Acero Inoxidable T. 304 y Acero al Carb\u00f3n.<br \/>\nSus caracter\u00edsticas t\u00e9cnicas de fabricaci\u00f3n permiten mediante un control de flujo de aire, avivar o ralentizar la intensidad de las brases, lo cual propicia una alta eficacia y un importante ahorro de carb\u00f3n.<br \/>\nPermite cocinar cualquier alimento con la m\u00e1xima facilidad conservando y potenciando todos sus sabores naturales.<br \/>\nHorno sobre mostrador.<br \/>\nSistema de cierre y apertura de puerta, por medio de contrapesos.<br \/>\nUn horno MIBRASA es una parrilla cerrada.<br \/>\nSu funcionamiento es 100% con carb\u00f3n vegetal, mediante un sistema de ventilaci\u00f3n dise\u00f1ado para el control de temperatura.<br \/>\nTemperatura concentrada dentro de la c\u00e1mara de cocci\u00f3n.<br \/>\nPotencializa el sabor de los alimentos, por medio de la cocci\u00f3n del carb\u00f3n.<br \/>\nIncluye Atizador, Pinzas, Parrilla, Pala Recoge Cenizas, Cepillo de Puas, Cortafuegos<br \/>\nDimensi\u00f3n \u00fatil de parrilla 500 x 600 mm<br \/>\nPotencia equivalente* (kW) 2<br \/>\nTipos de Cocci\u00f3n:<br \/>\nCarnes, aves, pescados, mariscos a la parrilla y a la plancha.<br \/>\nArroces.<br \/>\nVerduras salteadas<br \/>\nCocci\u00f3n de salsas<br \/>\nPostres.<br \/>\nEspecificaciones:<br \/>\nComensales: 75<br \/>\nCaudal de extracci\u00f3n: (m3 \/h) 2000<br \/>\nTemperatura de cocci\u00f3n 250 \u0096 350\u00b0C<br \/>\nTiempo de encendido: 35 min<br \/>\nDimensiones: 65 \u00d7 71 \u00d7 1.01<br \/>\nPeso Horno: 150 Kg<br \/>\nPeso Base: 40 Kg (se cotiza por separado)<\/p>\n","protected":false},"excerpt":{"rendered":"<p>HORNO DE BRASA O ASADOR DE BRASA CON PUERTA. HMB-75<\/p>\n","protected":false},"featured_media":1102,"comment_status":"closed","ping_status":"closed","template":"","meta":{"site-sidebar-layout":"default","site-content-layout":"","ast-site-content-layout":"default","site-content-style":"default","site-sidebar-style":"default","ast-global-header-display":"","ast-banner-title-visibility":"","ast-main-header-display":"","ast-hfb-above-header-display":"","ast-hfb-below-header-display":"","ast-hfb-mobile-header-display":"","site-post-title":"","ast-breadcrumbs-content":"","ast-featured-img":"","footer-sml-layout":"","ast-disable-related-posts":"","theme-transparent-header-meta":"","adv-header-id-meta":"","stick-header-meta":"","header-above-stick-meta":"","header-main-stick-meta":"","header-below-stick-meta":"","astra-migrate-meta-layouts":"default","ast-page-background-enabled":"default","ast-page-background-meta":{"desktop":{"background-color":"var(--ast-global-color-5)","background-image":"","background-repeat":"repeat","background-position":"center center","background-size":"auto","background-attachment":"scroll","background-type":"","background-media":"","overlay-type":"","overlay-color":"","overlay-opacity":"","overlay-gradient":""},"tablet":{"background-color":"","background-image":"","background-repeat":"repeat","background-position":"center center","background-size":"auto","background-attachment":"scroll","background-type":"","background-media":"","overlay-type":"","overlay-color":"","overlay-opacity":"","overlay-gradient":""},"mobile":{"background-color":"","background-image":"","background-repeat":"repeat","background-position":"center center","background-size":"auto","background-attachment":"scroll","background-type":"","background-media":"","overlay-type":"","overlay-color":"","overlay-opacity":"","overlay-gradient":""}},"ast-content-background-meta":{"desktop":{"background-color":"var(--ast-global-color-4)","background-image":"","background-repeat":"repeat","background-position":"center center","background-size":"auto","background-attachment":"scroll","background-type":"","background-media":"","overlay-type":"","overlay-color":"","overlay-opacity":"","overlay-gradient":""},"tablet":{"background-color":"var(--ast-global-color-4)","background-image":"","background-repeat":"repeat","background-position":"center center","background-size":"auto","background-attachment":"scroll","background-type":"","background-media":"","overlay-type":"","overlay-color":"","overlay-opacity":"","overlay-gradient":""},"mobile":{"background-color":"var(--ast-global-color-4)","background-image":"","background-repeat":"repeat","background-position":"center center","background-size":"auto","background-attachment":"scroll","background-type":"","background-media":"","overlay-type":"","overlay-color":"","overlay-opacity":"","overlay-gradient":""}}},"product_brand":[],"product_cat":[402,401,400,399],"product_tag":[],"class_list":{"0":"post-1101","1":"product","2":"type-product","3":"status-publish","4":"has-post-thumbnail","6":"product_cat-asador-de-brasa-con-puerta","7":"product_cat-horno-brasa-broiler","8":"product_cat-horno-de-brasa","9":"product_cat-mibrasa","10":"desktop-align-left","11":"tablet-align-left","12":"mobile-align-left","14":"first","15":"instock","16":"purchasable","17":"product-type-simple"},"_links":{"self":[{"href":"https:\/\/tienda.cocinascisa.com\/index.php\/wp-json\/wp\/v2\/product\/1101","targetHints":{"allow":["GET"]}}],"collection":[{"href":"https:\/\/tienda.cocinascisa.com\/index.php\/wp-json\/wp\/v2\/product"}],"about":[{"href":"https:\/\/tienda.cocinascisa.com\/index.php\/wp-json\/wp\/v2\/types\/product"}],"replies":[{"embeddable":true,"href":"https:\/\/tienda.cocinascisa.com\/index.php\/wp-json\/wp\/v2\/comments?post=1101"}],"wp:featuredmedia":[{"embeddable":true,"href":"https:\/\/tienda.cocinascisa.com\/index.php\/wp-json\/wp\/v2\/media\/1102"}],"wp:attachment":[{"href":"https:\/\/tienda.cocinascisa.com\/index.php\/wp-json\/wp\/v2\/media?parent=1101"}],"wp:term":[{"taxonomy":"product_brand","embeddable":true,"href":"https:\/\/tienda.cocinascisa.com\/index.php\/wp-json\/wp\/v2\/product_brand?post=1101"},{"taxonomy":"product_cat","embeddable":true,"href":"https:\/\/tienda.cocinascisa.com\/index.php\/wp-json\/wp\/v2\/product_cat?post=1101"},{"taxonomy":"product_tag","embeddable":true,"href":"https:\/\/tienda.cocinascisa.com\/index.php\/wp-json\/wp\/v2\/product_tag?post=1101"}],"curies":[{"name":"wp","href":"https:\/\/api.w.org\/{rel}","templated":true}]}}