{"id":1203,"date":"2021-10-13T00:00:00","date_gmt":"2021-10-13T00:00:00","guid":{"rendered":"https:\/\/tienda.cocinascisa.com\/index.php\/producto\/maquina-para-fabricacion-de-hielo-estilo-cubo-zbf-230\/"},"modified":"2026-03-18T18:41:23","modified_gmt":"2026-03-18T18:41:23","slug":"maquina-para-fabricacion-de-hielo-estilo-cubo-zbf-230","status":"publish","type":"product","link":"https:\/\/tienda.cocinascisa.com\/index.php\/producto\/maquina-para-fabricacion-de-hielo-estilo-cubo-zbf-230\/","title":{"rendered":"MAQUINA PARA FABRICACION DE HIELO ESTILO CUBO. ZBF-230"},"content":{"rendered":"<p>Equipo enfriado por Aire<br \/>\nMaquina fabricadora de hielo en forma de cubo (2.2\u00d72.2\u00d72.2)<br \/>\nGabinete fabricado en acero inoxidable.<br \/>\nTanque interior en ABS extra\u00eddo anticontaminante.<br \/>\nAislamiento en poliuretano inyectado.<br \/>\nPuerta abatible frontal.<br \/>\nCuenta con deposito independiente, incluido.<br \/>\nEvaporador de acero inoxidable.<br \/>\nCompresor Danfos.<br \/>\nFiltro de aire de f\u00e1cil mantenimiento.<br \/>\nIncluye filtro de agua de dos buj\u00edas y luz UV.<br \/>\nEspecificaciones:<br \/>\nProducci\u00f3n: 230 Kg\/24 hrs<br \/>\nCapacidad del Dep\u00f3sito: 180 Kg<br \/>\nMedidas Fabrica: 0.72\u00d70.84\u00d70.65<br \/>\nMedidas Dep\u00f3sito: 0.88\u00d70.62\u00d71.60<br \/>\nVoltaje a 120 Volts\/60 Hz.<br \/>\nPeso: 114 Kg<\/p>\n","protected":false},"excerpt":{"rendered":"<p>MAQUINA PARA FABRICACION DE HIELO ESTILO CUBO. ZBF-230<\/p>\n","protected":false},"featured_media":1204,"comment_status":"closed","ping_status":"closed","template":"","meta":{"site-sidebar-layout":"default","site-content-layout":"","ast-site-content-layout":"default","site-content-style":"default","site-sidebar-style":"default","ast-global-header-display":"","ast-banner-title-visibility":"","ast-main-header-display":"","ast-hfb-above-header-display":"","ast-hfb-below-header-display":"","ast-hfb-mobile-header-display":"","site-post-title":"","ast-breadcrumbs-content":"","ast-featured-img":"","footer-sml-layout":"","ast-disable-related-posts":"","theme-transparent-header-meta":"","adv-header-id-meta":"","stick-header-meta":"","header-above-stick-meta":"","header-main-stick-meta":"","header-below-stick-meta":"","astra-migrate-meta-layouts":"default","ast-page-background-enabled":"default","ast-page-background-meta":{"desktop":{"background-color":"var(--ast-global-color-5)","background-image":"","background-repeat":"repeat","background-position":"center center","background-size":"auto","background-attachment":"scroll","background-type":"","background-media":"","overlay-type":"","overlay-color":"","overlay-opacity":"","overlay-gradient":""},"tablet":{"background-color":"","background-image":"","background-repeat":"repeat","background-position":"center center","background-size":"auto","background-attachment":"scroll","background-type":"","background-media":"","overlay-type":"","overlay-color":"","overlay-opacity":"","overlay-gradient":""},"mobile":{"background-color":"","background-image":"","background-repeat":"repeat","background-position":"center center","background-size":"auto","background-attachment":"scroll","background-type":"","background-media":"","overlay-type":"","overlay-color":"","overlay-opacity":"","overlay-gradient":""}},"ast-content-background-meta":{"desktop":{"background-color":"var(--ast-global-color-4)","background-image":"","background-repeat":"repeat","background-position":"center center","background-size":"auto","background-attachment":"scroll","background-type":"","background-media":"","overlay-type":"","overlay-color":"","overlay-opacity":"","overlay-gradient":""},"tablet":{"background-color":"var(--ast-global-color-4)","background-image":"","background-repeat":"repeat","background-position":"center center","background-size":"auto","background-attachment":"scroll","background-type":"","background-media":"","overlay-type":"","overlay-color":"","overlay-opacity":"","overlay-gradient":""},"mobile":{"background-color":"var(--ast-global-color-4)","background-image":"","background-repeat":"repeat","background-position":"center center","background-size":"auto","background-attachment":"scroll","background-type":"","background-media":"","overlay-type":"","overlay-color":"","overlay-opacity":"","overlay-gradient":""}}},"product_brand":[],"product_cat":[450,451,452,357],"product_tag":[],"class_list":{"0":"post-1203","1":"product","2":"type-product","3":"status-publish","4":"has-post-thumbnail","6":"product_cat-fabrica-de-hielo-migsa","7":"product_cat-fabrica-de-hielo-en-cubo","8":"product_cat-maquina-fabricadora-de-hielo-fabrica-de-hielo-en-cubo","9":"product_cat-migsa","10":"desktop-align-left","11":"tablet-align-left","12":"mobile-align-left","14":"first","15":"instock","16":"purchasable","17":"product-type-simple"},"_links":{"self":[{"href":"https:\/\/tienda.cocinascisa.com\/index.php\/wp-json\/wp\/v2\/product\/1203","targetHints":{"allow":["GET"]}}],"collection":[{"href":"https:\/\/tienda.cocinascisa.com\/index.php\/wp-json\/wp\/v2\/product"}],"about":[{"href":"https:\/\/tienda.cocinascisa.com\/index.php\/wp-json\/wp\/v2\/types\/product"}],"replies":[{"embeddable":true,"href":"https:\/\/tienda.cocinascisa.com\/index.php\/wp-json\/wp\/v2\/comments?post=1203"}],"wp:featuredmedia":[{"embeddable":true,"href":"https:\/\/tienda.cocinascisa.com\/index.php\/wp-json\/wp\/v2\/media\/1204"}],"wp:attachment":[{"href":"https:\/\/tienda.cocinascisa.com\/index.php\/wp-json\/wp\/v2\/media?parent=1203"}],"wp:term":[{"taxonomy":"product_brand","embeddable":true,"href":"https:\/\/tienda.cocinascisa.com\/index.php\/wp-json\/wp\/v2\/product_brand?post=1203"},{"taxonomy":"product_cat","embeddable":true,"href":"https:\/\/tienda.cocinascisa.com\/index.php\/wp-json\/wp\/v2\/product_cat?post=1203"},{"taxonomy":"product_tag","embeddable":true,"href":"https:\/\/tienda.cocinascisa.com\/index.php\/wp-json\/wp\/v2\/product_tag?post=1203"}],"curies":[{"name":"wp","href":"https:\/\/api.w.org\/{rel}","templated":true}]}}