{"id":1251,"date":"2021-10-13T00:00:00","date_gmt":"2021-10-13T00:00:00","guid":{"rendered":"https:\/\/tienda.cocinascisa.com\/index.php\/producto\/vitrina-refrigerada-pastelera-de-piso-con-frente-de-cristal-curvo-arc-470y\/"},"modified":"2026-03-18T18:49:17","modified_gmt":"2026-03-18T18:49:17","slug":"vitrina-refrigerada-pastelera-de-piso-con-frente-de-cristal-curvo-arc-470y","status":"publish","type":"product","link":"https:\/\/tienda.cocinascisa.com\/index.php\/producto\/vitrina-refrigerada-pastelera-de-piso-con-frente-de-cristal-curvo-arc-470y\/","title":{"rendered":"VITRINA REFRIGERADA PASTELERA DE PISO CON FRENTE DE CRISTAL CURVO ARC-470Y"},"content":{"rendered":"<p>Cuenta con una amplia aplicaci\u00f3n en grandes almacenes en el negocio, pasteler\u00edas y otros lugares.<br \/>\nLa mejor marca de compresor completamente cerrado, es utilizado en esta vitrina.<br \/>\nEl refrigerante R600a o R134 es un agente amigable con el medio ambiente.<br \/>\nCuenta con una configuraci\u00f3n racional del sistema de refrigeraci\u00f3n as\u00ed como ventilador de enfriamiento de aire forzado.<br \/>\nLa temperatura es bastante incluso en el interior de la vitrina.<br \/>\nVidrios triples huecos transparentes son usados en la puerta as\u00ed como en el cuerpo de la vitrina,<br \/>\nlo que la hace tener una apariencia art\u00edstica y elegante, buena perspectiva y de f\u00e1cil acceso.<br \/>\nCaracter\u00edsticas:<br \/>\nVitrina refrigerada de piso de cristal curvo.<br \/>\nFabricada en acero inoxidable.<br \/>\nLaterales de cristal doble.<br \/>\n2 entrepa\u00f1os.<br \/>\nPuertas deslizables.<br \/>\nIluminaci\u00f3n Leds.<br \/>\nDeshielo autom\u00e1tico.<br \/>\n4 ruedas (2 con frenos).<br \/>\nControl digital de temperatura de 2 a 8\u00b0 C.<br \/>\nRefrigerante ecol\u00f3gico.<br \/>\nEspecificaciones:<br \/>\nVoltaje: 120 V\/60 Hz.<br \/>\nPotencia: 520W.<br \/>\nMedidas: 1.52 x 0.68 x 1.22 m.<br \/>\nPeso: 212 Kg.<\/p>\n","protected":false},"excerpt":{"rendered":"<p>VITRINA REFRIGERADA PASTELERA DE PISO CON FRENTE DE CRISTAL CURVO ARC-470Y<\/p>\n","protected":false},"featured_media":1252,"comment_status":"closed","ping_status":"closed","template":"","meta":{"site-sidebar-layout":"default","site-content-layout":"","ast-site-content-layout":"default","site-content-style":"default","site-sidebar-style":"default","ast-global-header-display":"","ast-banner-title-visibility":"","ast-main-header-display":"","ast-hfb-above-header-display":"","ast-hfb-below-header-display":"","ast-hfb-mobile-header-display":"","site-post-title":"","ast-breadcrumbs-content":"","ast-featured-img":"","footer-sml-layout":"","ast-disable-related-posts":"","theme-transparent-header-meta":"","adv-header-id-meta":"","stick-header-meta":"","header-above-stick-meta":"","header-main-stick-meta":"","header-below-stick-meta":"","astra-migrate-meta-layouts":"default","ast-page-background-enabled":"default","ast-page-background-meta":{"desktop":{"background-color":"var(--ast-global-color-5)","background-image":"","background-repeat":"repeat","background-position":"center center","background-size":"auto","background-attachment":"scroll","background-type":"","background-media":"","overlay-type":"","overlay-color":"","overlay-opacity":"","overlay-gradient":""},"tablet":{"background-color":"","background-image":"","background-repeat":"repeat","background-position":"center center","background-size":"auto","background-attachment":"scroll","background-type":"","background-media":"","overlay-type":"","overlay-color":"","overlay-opacity":"","overlay-gradient":""},"mobile":{"background-color":"","background-image":"","background-repeat":"repeat","background-position":"center center","background-size":"auto","background-attachment":"scroll","background-type":"","background-media":"","overlay-type":"","overlay-color":"","overlay-opacity":"","overlay-gradient":""}},"ast-content-background-meta":{"desktop":{"background-color":"var(--ast-global-color-4)","background-image":"","background-repeat":"repeat","background-position":"center center","background-size":"auto","background-attachment":"scroll","background-type":"","background-media":"","overlay-type":"","overlay-color":"","overlay-opacity":"","overlay-gradient":""},"tablet":{"background-color":"var(--ast-global-color-4)","background-image":"","background-repeat":"repeat","background-position":"center center","background-size":"auto","background-attachment":"scroll","background-type":"","background-media":"","overlay-type":"","overlay-color":"","overlay-opacity":"","overlay-gradient":""},"mobile":{"background-color":"var(--ast-global-color-4)","background-image":"","background-repeat":"repeat","background-position":"center center","background-size":"auto","background-attachment":"scroll","background-type":"","background-media":"","overlay-type":"","overlay-color":"","overlay-opacity":"","overlay-gradient":""}}},"product_brand":[],"product_cat":[357,475,480,479],"product_tag":[],"class_list":{"0":"post-1251","1":"product","2":"type-product","3":"status-publish","4":"has-post-thumbnail","6":"product_cat-migsa","7":"product_cat-refrigeracion-migsa","8":"product_cat-vitrinas-de-piso","9":"product_cat-vitrinas-refrigeradas","10":"desktop-align-left","11":"tablet-align-left","12":"mobile-align-left","14":"first","15":"instock","16":"purchasable","17":"product-type-simple"},"_links":{"self":[{"href":"https:\/\/tienda.cocinascisa.com\/index.php\/wp-json\/wp\/v2\/product\/1251","targetHints":{"allow":["GET"]}}],"collection":[{"href":"https:\/\/tienda.cocinascisa.com\/index.php\/wp-json\/wp\/v2\/product"}],"about":[{"href":"https:\/\/tienda.cocinascisa.com\/index.php\/wp-json\/wp\/v2\/types\/product"}],"replies":[{"embeddable":true,"href":"https:\/\/tienda.cocinascisa.com\/index.php\/wp-json\/wp\/v2\/comments?post=1251"}],"wp:featuredmedia":[{"embeddable":true,"href":"https:\/\/tienda.cocinascisa.com\/index.php\/wp-json\/wp\/v2\/media\/1252"}],"wp:attachment":[{"href":"https:\/\/tienda.cocinascisa.com\/index.php\/wp-json\/wp\/v2\/media?parent=1251"}],"wp:term":[{"taxonomy":"product_brand","embeddable":true,"href":"https:\/\/tienda.cocinascisa.com\/index.php\/wp-json\/wp\/v2\/product_brand?post=1251"},{"taxonomy":"product_cat","embeddable":true,"href":"https:\/\/tienda.cocinascisa.com\/index.php\/wp-json\/wp\/v2\/product_cat?post=1251"},{"taxonomy":"product_tag","embeddable":true,"href":"https:\/\/tienda.cocinascisa.com\/index.php\/wp-json\/wp\/v2\/product_tag?post=1251"}],"curies":[{"name":"wp","href":"https:\/\/api.w.org\/{rel}","templated":true}]}}