{"id":1310,"date":"2021-10-13T00:00:00","date_gmt":"2021-10-13T00:00:00","guid":{"rendered":"https:\/\/tienda.cocinascisa.com\/index.php\/producto\/despachador-de-bebidas-no-carbonatadas-d12-3\/"},"modified":"2026-03-18T18:50:29","modified_gmt":"2026-03-18T18:50:29","slug":"despachador-de-bebidas-no-carbonatadas-d12-3","status":"publish","type":"product","link":"https:\/\/tienda.cocinascisa.com\/index.php\/producto\/despachador-de-bebidas-no-carbonatadas-d12-3\/","title":{"rendered":"DESPACHADOR DE BEBIDAS NO CARBONATADAS D12-3"},"content":{"rendered":"<p>La gama Arctic Deluxe con capacidad de 12 litros<\/p>\n<p>Fabricados en policarbonato de calidad alimentaria a prueba de golpes.<\/p>\n<p>Simple, f\u00e1cil de usar y vers\u00e1til, estos dispensadores est\u00e1n dise\u00f1ados para enfriar todo tipo de bebidas (jugos de frutas naturales, caf\u00e9, t\u00e9, leche de almendras, etc.). R\u00e1pido y f\u00e1cil de desmontar para una limpieza perfecta,<\/p>\n<p>Le ahorran tiempo y facilitan su trabajo.<\/p>\n<p>Disponible con bomba de fuente (versi\u00f3n \u00abP\u00bb) o paleta agitadora (versi\u00f3n \u00abAA\u00bb).<\/p>\n<p>Especificaciones:<br \/>\nCapacidad: 12 L. en cada taz\u00f3n.<br \/>\n3 Tazones<br \/>\nTermostato Ajustable<br \/>\nVoltaje: 115 v\/60 Hz.<br \/>\nDimensiones: 0.54\u00d70.47\u00d70.57 m.<br \/>\nPeso: 36 Kg.<\/p>\n","protected":false},"excerpt":{"rendered":"<p>DESPACHADOR DE BEBIDAS NO CARBONATADAS D12-3<\/p>\n","protected":false},"featured_media":1311,"comment_status":"closed","ping_status":"closed","template":"","meta":{"site-sidebar-layout":"default","site-content-layout":"","ast-site-content-layout":"default","site-content-style":"default","site-sidebar-style":"default","ast-global-header-display":"","ast-banner-title-visibility":"","ast-main-header-display":"","ast-hfb-above-header-display":"","ast-hfb-below-header-display":"","ast-hfb-mobile-header-display":"","site-post-title":"","ast-breadcrumbs-content":"","ast-featured-img":"","footer-sml-layout":"","ast-disable-related-posts":"","theme-transparent-header-meta":"","adv-header-id-meta":"","stick-header-meta":"","header-above-stick-meta":"","header-main-stick-meta":"","header-below-stick-meta":"","astra-migrate-meta-layouts":"default","ast-page-background-enabled":"default","ast-page-background-meta":{"desktop":{"background-color":"var(--ast-global-color-5)","background-image":"","background-repeat":"repeat","background-position":"center center","background-size":"auto","background-attachment":"scroll","background-type":"","background-media":"","overlay-type":"","overlay-color":"","overlay-opacity":"","overlay-gradient":""},"tablet":{"background-color":"","background-image":"","background-repeat":"repeat","background-position":"center center","background-size":"auto","background-attachment":"scroll","background-type":"","background-media":"","overlay-type":"","overlay-color":"","overlay-opacity":"","overlay-gradient":""},"mobile":{"background-color":"","background-image":"","background-repeat":"repeat","background-position":"center center","background-size":"auto","background-attachment":"scroll","background-type":"","background-media":"","overlay-type":"","overlay-color":"","overlay-opacity":"","overlay-gradient":""}},"ast-content-background-meta":{"desktop":{"background-color":"var(--ast-global-color-4)","background-image":"","background-repeat":"repeat","background-position":"center center","background-size":"auto","background-attachment":"scroll","background-type":"","background-media":"","overlay-type":"","overlay-color":"","overlay-opacity":"","overlay-gradient":""},"tablet":{"background-color":"var(--ast-global-color-4)","background-image":"","background-repeat":"repeat","background-position":"center center","background-size":"auto","background-attachment":"scroll","background-type":"","background-media":"","overlay-type":"","overlay-color":"","overlay-opacity":"","overlay-gradient":""},"mobile":{"background-color":"var(--ast-global-color-4)","background-image":"","background-repeat":"repeat","background-position":"center center","background-size":"auto","background-attachment":"scroll","background-type":"","background-media":"","overlay-type":"","overlay-color":"","overlay-opacity":"","overlay-gradient":""}}},"product_brand":[],"product_cat":[497,496,495,494],"product_tag":[],"class_list":{"0":"post-1310","1":"product","2":"type-product","3":"status-publish","4":"has-post-thumbnail","6":"product_cat-despachadores-de-bebidas-fuente-de-sodas-snack-ugolini","7":"product_cat-fuente-de-sodas-snack-ugolini","8":"product_cat-snack-ugolini","9":"product_cat-ugolini","10":"desktop-align-left","11":"tablet-align-left","12":"mobile-align-left","14":"first","15":"instock","16":"product-type-simple"},"_links":{"self":[{"href":"https:\/\/tienda.cocinascisa.com\/index.php\/wp-json\/wp\/v2\/product\/1310","targetHints":{"allow":["GET"]}}],"collection":[{"href":"https:\/\/tienda.cocinascisa.com\/index.php\/wp-json\/wp\/v2\/product"}],"about":[{"href":"https:\/\/tienda.cocinascisa.com\/index.php\/wp-json\/wp\/v2\/types\/product"}],"replies":[{"embeddable":true,"href":"https:\/\/tienda.cocinascisa.com\/index.php\/wp-json\/wp\/v2\/comments?post=1310"}],"wp:featuredmedia":[{"embeddable":true,"href":"https:\/\/tienda.cocinascisa.com\/index.php\/wp-json\/wp\/v2\/media\/1311"}],"wp:attachment":[{"href":"https:\/\/tienda.cocinascisa.com\/index.php\/wp-json\/wp\/v2\/media?parent=1310"}],"wp:term":[{"taxonomy":"product_brand","embeddable":true,"href":"https:\/\/tienda.cocinascisa.com\/index.php\/wp-json\/wp\/v2\/product_brand?post=1310"},{"taxonomy":"product_cat","embeddable":true,"href":"https:\/\/tienda.cocinascisa.com\/index.php\/wp-json\/wp\/v2\/product_cat?post=1310"},{"taxonomy":"product_tag","embeddable":true,"href":"https:\/\/tienda.cocinascisa.com\/index.php\/wp-json\/wp\/v2\/product_tag?post=1310"}],"curies":[{"name":"wp","href":"https:\/\/api.w.org\/{rel}","templated":true}]}}