{"id":1332,"date":"2021-10-13T00:00:00","date_gmt":"2021-10-13T00:00:00","guid":{"rendered":"https:\/\/tienda.cocinascisa.com\/index.php\/producto\/congelador-de-paletas-pm-500\/"},"modified":"2026-03-18T18:50:59","modified_gmt":"2026-03-18T18:50:59","slug":"congelador-de-paletas-pm-500","status":"publish","type":"product","link":"https:\/\/tienda.cocinascisa.com\/index.php\/producto\/congelador-de-paletas-pm-500\/","title":{"rendered":"CONGELADOR DE PALETAS PM-500"},"content":{"rendered":"<p>Acoplando m\u00e1s de un equipo para aumentar la producci\u00f3n.<br \/>\nAlcance el patr\u00f3n de calidad de helado industrial<br \/>\nEn medias cantidades, con ciclo de producci\u00f3n controlado.<br \/>\nEquipo semiautom\u00e1tico para la fabricaci\u00f3n de paletas con base de agua<br \/>\n(grosella, pi\u00f1a, lim\u00f3n, etc.) o de leche (chocolate, vainilla, etc.).<br \/>\nOpera con fuerza bif\u00e1sica comercial.<br \/>\nEquipo pr\u00e1ctico y r\u00e1pido, l\u00efder de ventas en Brasil.<br \/>\nProducci\u00f3n de 5,000 paletas\/d\u00eda.<br \/>\n*La producci\u00f3n del equipo depende de las condiciones clim\u00e1ticas y la instalaci\u00f3n de los lugares donde se encuentra los equipos.<br \/>\nTanque en fibra de vidrio, mejor aislamiento t\u00e9rmico y resistencia a la corrosi\u00f3n.<br \/>\nAgitaci\u00f3n por remolino;<br \/>\nCompresor herm\u00e9tico, con menos ruidos y mayor ahorro de energ\u00eda el\u00e9ctrica. R\u00e1pida, pr\u00e1ctica y silenciosa;<br \/>\nOcupa poco espacio, leve y con ruedas para f\u00e1cil transporte, manejo y limpieza;<br \/>\nAlimentaci\u00f3n 220 V, bif\u00e1sica, condensaci\u00f3n a agua, refrigeraci\u00f3n y gas ecol\u00f3gico.<br \/>\nDescripci\u00f3n T\u00e9cnica:<br \/>\nFabricado en acero inoxidable<br \/>\nArrancador y control de temperatura<br \/>\nT\u00fanel de enfriamiento con agitador integrado<br \/>\nEquipo de refrigeraci\u00f3n auto contenido<br \/>\n1 Molde.<br \/>\nEspecificaciones:<br \/>\nProducci\u00f3n: 5,000 p\/d\u00eda<br \/>\nMotor: 1 HP<br \/>\nVoltaje 220 V\/60 Hz\/1 F<br \/>\nDimensiones: 0.60\u00d70.52\u00d71.05 m.<br \/>\nPeso 50 Kg<\/p>\n","protected":false},"excerpt":{"rendered":"<p>CONGELADOR DE PALETAS PM-500<\/p>\n","protected":false},"featured_media":1333,"comment_status":"closed","ping_status":"closed","template":"","meta":{"site-sidebar-layout":"default","site-content-layout":"","ast-site-content-layout":"default","site-content-style":"default","site-sidebar-style":"default","ast-global-header-display":"","ast-banner-title-visibility":"","ast-main-header-display":"","ast-hfb-above-header-display":"","ast-hfb-below-header-display":"","ast-hfb-mobile-header-display":"","site-post-title":"","ast-breadcrumbs-content":"","ast-featured-img":"","footer-sml-layout":"","ast-disable-related-posts":"","theme-transparent-header-meta":"","adv-header-id-meta":"","stick-header-meta":"","header-above-stick-meta":"","header-main-stick-meta":"","header-below-stick-meta":"","astra-migrate-meta-layouts":"default","ast-page-background-enabled":"default","ast-page-background-meta":{"desktop":{"background-color":"var(--ast-global-color-5)","background-image":"","background-repeat":"repeat","background-position":"center center","background-size":"auto","background-attachment":"scroll","background-type":"","background-media":"","overlay-type":"","overlay-color":"","overlay-opacity":"","overlay-gradient":""},"tablet":{"background-color":"","background-image":"","background-repeat":"repeat","background-position":"center center","background-size":"auto","background-attachment":"scroll","background-type":"","background-media":"","overlay-type":"","overlay-color":"","overlay-opacity":"","overlay-gradient":""},"mobile":{"background-color":"","background-image":"","background-repeat":"repeat","background-position":"center center","background-size":"auto","background-attachment":"scroll","background-type":"","background-media":"","overlay-type":"","overlay-color":"","overlay-opacity":"","overlay-gradient":""}},"ast-content-background-meta":{"desktop":{"background-color":"var(--ast-global-color-4)","background-image":"","background-repeat":"repeat","background-position":"center center","background-size":"auto","background-attachment":"scroll","background-type":"","background-media":"","overlay-type":"","overlay-color":"","overlay-opacity":"","overlay-gradient":""},"tablet":{"background-color":"var(--ast-global-color-4)","background-image":"","background-repeat":"repeat","background-position":"center center","background-size":"auto","background-attachment":"scroll","background-type":"","background-media":"","overlay-type":"","overlay-color":"","overlay-opacity":"","overlay-gradient":""},"mobile":{"background-color":"var(--ast-global-color-4)","background-image":"","background-repeat":"repeat","background-position":"center center","background-size":"auto","background-attachment":"scroll","background-type":"","background-media":"","overlay-type":"","overlay-color":"","overlay-opacity":"","overlay-gradient":""}}},"product_brand":[],"product_cat":[500,501,357,487],"product_tag":[],"class_list":{"0":"post-1332","1":"product","2":"type-product","3":"status-publish","4":"has-post-thumbnail","6":"product_cat-fabrica-de-paletas","7":"product_cat-maquina-de-paletas-heladas","8":"product_cat-migsa","9":"product_cat-snack","10":"desktop-align-left","11":"tablet-align-left","12":"mobile-align-left","14":"first","15":"instock","16":"purchasable","17":"product-type-simple"},"_links":{"self":[{"href":"https:\/\/tienda.cocinascisa.com\/index.php\/wp-json\/wp\/v2\/product\/1332","targetHints":{"allow":["GET"]}}],"collection":[{"href":"https:\/\/tienda.cocinascisa.com\/index.php\/wp-json\/wp\/v2\/product"}],"about":[{"href":"https:\/\/tienda.cocinascisa.com\/index.php\/wp-json\/wp\/v2\/types\/product"}],"replies":[{"embeddable":true,"href":"https:\/\/tienda.cocinascisa.com\/index.php\/wp-json\/wp\/v2\/comments?post=1332"}],"wp:featuredmedia":[{"embeddable":true,"href":"https:\/\/tienda.cocinascisa.com\/index.php\/wp-json\/wp\/v2\/media\/1333"}],"wp:attachment":[{"href":"https:\/\/tienda.cocinascisa.com\/index.php\/wp-json\/wp\/v2\/media?parent=1332"}],"wp:term":[{"taxonomy":"product_brand","embeddable":true,"href":"https:\/\/tienda.cocinascisa.com\/index.php\/wp-json\/wp\/v2\/product_brand?post=1332"},{"taxonomy":"product_cat","embeddable":true,"href":"https:\/\/tienda.cocinascisa.com\/index.php\/wp-json\/wp\/v2\/product_cat?post=1332"},{"taxonomy":"product_tag","embeddable":true,"href":"https:\/\/tienda.cocinascisa.com\/index.php\/wp-json\/wp\/v2\/product_tag?post=1332"}],"curies":[{"name":"wp","href":"https:\/\/api.w.org\/{rel}","templated":true}]}}