{"id":1364,"date":"2021-10-13T00:00:00","date_gmt":"2021-10-13T00:00:00","guid":{"rendered":"https:\/\/tienda.cocinascisa.com\/index.php\/producto\/formadora-de-carne-para-hamburguesas-manual-hf-130\/"},"modified":"2026-03-18T18:51:29","modified_gmt":"2026-03-18T18:51:29","slug":"formadora-de-carne-para-hamburguesas-manual-hf-130","status":"publish","type":"product","link":"https:\/\/tienda.cocinascisa.com\/index.php\/producto\/formadora-de-carne-para-hamburguesas-manual-hf-130\/","title":{"rendered":"FORMADORA DE CARNE PARA HAMBURGUESAS MANUAL HF-130"},"content":{"rendered":"<p>El formador de Hamburguesas, manual de 5? Cuerpo de Acero y Aluminio anodizado, Cuenta con bowl, prensa y expulsador.<\/p>\n<p>Este equipo es ideal para la preparaci\u00f3n de hamburguesas de restaurantes, bistros y cafeter\u00edas ya que formara la carne en tama\u00f1o y forma sim\u00e9tricas evitando el desperdicio de producto y mejorando la presentaci\u00f3n est\u00e9tica del mismo.<br \/>\nUsted se ahorrar\u00e1 tiempo de preparaci\u00f3n en la formaci\u00f3n de la carne para hamburguesa, como este equipo es manual no producira un gasto de energ\u00eda el\u00e9ctrica.<br \/>\nBeneficios<br \/>\n1. La forma m\u00e1s innovadora de simplificar el procedimiento de hacer hamburguesas. Las hamburguesas sin duda ser\u00e1n simetricas seg\u00fan el tama\u00f1o de pan o preferencia del establecimiento , aumente con eficacia de la producci\u00f3n total.<br \/>\n2. Reducir los gastos por tener que utilizar los servicios de muchos cocineros con el AH-HF-130 como el elemento implica la producci\u00f3n de hamburguesas exactas mismo tama\u00f1o y por lo tanto los costos son los mismos, aumente la producci\u00f3n hamburguesas a un ritmo muy r\u00e1pido.<\/p>\n<p>3. Aumentar la eficacia de oferta y complacer la enorme demanda que sin duda aumentar\u00e1 con esta adaptaci\u00f3n.<\/p>\n<p>4. Comprobado que el AH-HF-130 le dar\u00e1 excelentes niveles de satisfacci\u00f3n en la forma y tama\u00f1o de las hamburguesas. Dando una mejor presentaci\u00f3n evitando el desperdicio de ingredientes y equilibrando costos. El nivel de compromiso con el cliente tambi\u00e9n experiment\u00f3 un aumento a medida que m\u00e1s consumidores tienen preferencia en comer una buena hamburguesa.<\/p>\n<p>Especificaciones:<br \/>\nFormadora de Hamburguesas Manual<br \/>\nFabricado en Acero Inoxidable y Aluminio Anodizado<br \/>\nFuncionamiento Manual<br \/>\nPeso Neto 5.2 Kg<br \/>\nDiametro del Plato 130 mm<br \/>\nDimensiones 0.28 x0.22 x 0.30 m<\/p>\n","protected":false},"excerpt":{"rendered":"<p>FORMADORA DE CARNE PARA<br \/>\nHAMBURGUESAS MANUAL HF-130<\/p>\n","protected":false},"featured_media":1365,"comment_status":"closed","ping_status":"closed","template":"","meta":{"site-sidebar-layout":"default","site-content-layout":"","ast-site-content-layout":"default","site-content-style":"default","site-sidebar-style":"default","ast-global-header-display":"","ast-banner-title-visibility":"","ast-main-header-display":"","ast-hfb-above-header-display":"","ast-hfb-below-header-display":"","ast-hfb-mobile-header-display":"","site-post-title":"","ast-breadcrumbs-content":"","ast-featured-img":"","footer-sml-layout":"","ast-disable-related-posts":"","theme-transparent-header-meta":"","adv-header-id-meta":"","stick-header-meta":"","header-above-stick-meta":"","header-main-stick-meta":"","header-below-stick-meta":"","astra-migrate-meta-layouts":"default","ast-page-background-enabled":"default","ast-page-background-meta":{"desktop":{"background-color":"var(--ast-global-color-5)","background-image":"","background-repeat":"repeat","background-position":"center center","background-size":"auto","background-attachment":"scroll","background-type":"","background-media":"","overlay-type":"","overlay-color":"","overlay-opacity":"","overlay-gradient":""},"tablet":{"background-color":"","background-image":"","background-repeat":"repeat","background-position":"center center","background-size":"auto","background-attachment":"scroll","background-type":"","background-media":"","overlay-type":"","overlay-color":"","overlay-opacity":"","overlay-gradient":""},"mobile":{"background-color":"","background-image":"","background-repeat":"repeat","background-position":"center center","background-size":"auto","background-attachment":"scroll","background-type":"","background-media":"","overlay-type":"","overlay-color":"","overlay-opacity":"","overlay-gradient":""}},"ast-content-background-meta":{"desktop":{"background-color":"var(--ast-global-color-4)","background-image":"","background-repeat":"repeat","background-position":"center center","background-size":"auto","background-attachment":"scroll","background-type":"","background-media":"","overlay-type":"","overlay-color":"","overlay-opacity":"","overlay-gradient":""},"tablet":{"background-color":"var(--ast-global-color-4)","background-image":"","background-repeat":"repeat","background-position":"center center","background-size":"auto","background-attachment":"scroll","background-type":"","background-media":"","overlay-type":"","overlay-color":"","overlay-opacity":"","overlay-gradient":""},"mobile":{"background-color":"var(--ast-global-color-4)","background-image":"","background-repeat":"repeat","background-position":"center center","background-size":"auto","background-attachment":"scroll","background-type":"","background-media":"","overlay-type":"","overlay-color":"","overlay-opacity":"","overlay-gradient":""}}},"product_brand":[],"product_cat":[516,515,357,487],"product_tag":[],"class_list":{"0":"post-1364","1":"product","2":"type-product","3":"status-publish","4":"has-post-thumbnail","6":"product_cat-formador-de-hamburguesas","7":"product_cat-hot-dogs-hamburguesas","8":"product_cat-migsa","9":"product_cat-snack","10":"desktop-align-left","11":"tablet-align-left","12":"mobile-align-left","14":"first","15":"instock","16":"purchasable","17":"product-type-simple"},"_links":{"self":[{"href":"https:\/\/tienda.cocinascisa.com\/index.php\/wp-json\/wp\/v2\/product\/1364","targetHints":{"allow":["GET"]}}],"collection":[{"href":"https:\/\/tienda.cocinascisa.com\/index.php\/wp-json\/wp\/v2\/product"}],"about":[{"href":"https:\/\/tienda.cocinascisa.com\/index.php\/wp-json\/wp\/v2\/types\/product"}],"replies":[{"embeddable":true,"href":"https:\/\/tienda.cocinascisa.com\/index.php\/wp-json\/wp\/v2\/comments?post=1364"}],"wp:featuredmedia":[{"embeddable":true,"href":"https:\/\/tienda.cocinascisa.com\/index.php\/wp-json\/wp\/v2\/media\/1365"}],"wp:attachment":[{"href":"https:\/\/tienda.cocinascisa.com\/index.php\/wp-json\/wp\/v2\/media?parent=1364"}],"wp:term":[{"taxonomy":"product_brand","embeddable":true,"href":"https:\/\/tienda.cocinascisa.com\/index.php\/wp-json\/wp\/v2\/product_brand?post=1364"},{"taxonomy":"product_cat","embeddable":true,"href":"https:\/\/tienda.cocinascisa.com\/index.php\/wp-json\/wp\/v2\/product_cat?post=1364"},{"taxonomy":"product_tag","embeddable":true,"href":"https:\/\/tienda.cocinascisa.com\/index.php\/wp-json\/wp\/v2\/product_tag?post=1364"}],"curies":[{"name":"wp","href":"https:\/\/api.w.org\/{rel}","templated":true}]}}