{"id":1463,"date":"2021-10-13T00:00:00","date_gmt":"2021-10-13T00:00:00","guid":{"rendered":"https:\/\/tienda.cocinascisa.com\/index.php\/producto\/bascula-de-plataforma-con-capacidad-de-100-kgs-eqb-100-w\/"},"modified":"2026-03-18T18:52:53","modified_gmt":"2026-03-18T18:52:53","slug":"bascula-de-plataforma-con-capacidad-de-100-kgs-eqb-100-w","status":"publish","type":"product","link":"https:\/\/tienda.cocinascisa.com\/index.php\/producto\/bascula-de-plataforma-con-capacidad-de-100-kgs-eqb-100-w\/","title":{"rendered":"BASCULA DE PLATAFORMA CON CAPACIDAD DE 100 KGS EQB-100-W"},"content":{"rendered":"<p>Display de Cuarzo Liquido.<br \/>\nBater\u00eda Recargable Incluida de 100 horas.<br \/>\nVerifique el peso de la mercanc\u00eda que le entregan sus proveedores.<br \/>\nGane la confianza de sus clientes al vender Kilos exactos.<br \/>\nAgiliza el proceso de compra y venta de mercanc\u00eda.<br \/>\nElimina p\u00e9rdidas y genera ganancias, obteniendo pesadas 100% confiables.<br \/>\nLa funci\u00f3n de TARA le permite eliminar el peso de sus cajas, contenedores, envases, recipientes.<br \/>\nPerfecta para pesar en temperaturas de alta humedad ya que cuenta con un sensor y un m\u00f3dulo herm\u00e9ticamente sellados que le otorgan una mayor durabilidad de vida en su negocio en zonas m\u00e1s extremas como zonas costeras.<br \/>\n\u00a1Resistente al trato con el agua!<br \/>\nEspecificaciones:<br \/>\nCapacidad: 100 Kg<br \/>\nDivisi\u00f3n M\u00ednima 0.01 Kg<br \/>\nVoltaje: 100-240 V \/ 50-60 Hz<br \/>\nMedidas del Plato: 38\u00d748 cm<br \/>\nMedidas: 0.38 x 0.65 x 0.60 m<br \/>\nPeso: 10.3 Kg<\/p>\n","protected":false},"excerpt":{"rendered":"<p>BASCULA DE PLATAFORMA CON CAPACIDAD DE 100 KGS EQB-100-W<\/p>\n","protected":false},"featured_media":1464,"comment_status":"closed","ping_status":"closed","template":"","meta":{"site-sidebar-layout":"default","site-content-layout":"","ast-site-content-layout":"default","site-content-style":"default","site-sidebar-style":"default","ast-global-header-display":"","ast-banner-title-visibility":"","ast-main-header-display":"","ast-hfb-above-header-display":"","ast-hfb-below-header-display":"","ast-hfb-mobile-header-display":"","site-post-title":"","ast-breadcrumbs-content":"","ast-featured-img":"","footer-sml-layout":"","ast-disable-related-posts":"","theme-transparent-header-meta":"","adv-header-id-meta":"","stick-header-meta":"","header-above-stick-meta":"","header-main-stick-meta":"","header-below-stick-meta":"","astra-migrate-meta-layouts":"default","ast-page-background-enabled":"default","ast-page-background-meta":{"desktop":{"background-color":"var(--ast-global-color-5)","background-image":"","background-repeat":"repeat","background-position":"center center","background-size":"auto","background-attachment":"scroll","background-type":"","background-media":"","overlay-type":"","overlay-color":"","overlay-opacity":"","overlay-gradient":""},"tablet":{"background-color":"","background-image":"","background-repeat":"repeat","background-position":"center center","background-size":"auto","background-attachment":"scroll","background-type":"","background-media":"","overlay-type":"","overlay-color":"","overlay-opacity":"","overlay-gradient":""},"mobile":{"background-color":"","background-image":"","background-repeat":"repeat","background-position":"center center","background-size":"auto","background-attachment":"scroll","background-type":"","background-media":"","overlay-type":"","overlay-color":"","overlay-opacity":"","overlay-gradient":""}},"ast-content-background-meta":{"desktop":{"background-color":"var(--ast-global-color-4)","background-image":"","background-repeat":"repeat","background-position":"center center","background-size":"auto","background-attachment":"scroll","background-type":"","background-media":"","overlay-type":"","overlay-color":"","overlay-opacity":"","overlay-gradient":""},"tablet":{"background-color":"var(--ast-global-color-4)","background-image":"","background-repeat":"repeat","background-position":"center center","background-size":"auto","background-attachment":"scroll","background-type":"","background-media":"","overlay-type":"","overlay-color":"","overlay-opacity":"","overlay-gradient":""},"mobile":{"background-color":"var(--ast-global-color-4)","background-image":"","background-repeat":"repeat","background-position":"center center","background-size":"auto","background-attachment":"scroll","background-type":"","background-media":"","overlay-type":"","overlay-color":"","overlay-opacity":"","overlay-gradient":""}}},"product_brand":[],"product_cat":[540,542,539,538],"product_tag":[],"class_list":{"0":"post-1463","1":"product","2":"type-product","3":"status-publish","4":"has-post-thumbnail","6":"product_cat-basculas-equipo-de-preparacion","7":"product_cat-basculas-de-plataforma","8":"product_cat-equipo-de-preparacion","9":"product_cat-torrey","10":"desktop-align-left","11":"tablet-align-left","12":"mobile-align-left","14":"first","15":"instock","16":"purchasable","17":"product-type-simple"},"_links":{"self":[{"href":"https:\/\/tienda.cocinascisa.com\/index.php\/wp-json\/wp\/v2\/product\/1463","targetHints":{"allow":["GET"]}}],"collection":[{"href":"https:\/\/tienda.cocinascisa.com\/index.php\/wp-json\/wp\/v2\/product"}],"about":[{"href":"https:\/\/tienda.cocinascisa.com\/index.php\/wp-json\/wp\/v2\/types\/product"}],"replies":[{"embeddable":true,"href":"https:\/\/tienda.cocinascisa.com\/index.php\/wp-json\/wp\/v2\/comments?post=1463"}],"wp:featuredmedia":[{"embeddable":true,"href":"https:\/\/tienda.cocinascisa.com\/index.php\/wp-json\/wp\/v2\/media\/1464"}],"wp:attachment":[{"href":"https:\/\/tienda.cocinascisa.com\/index.php\/wp-json\/wp\/v2\/media?parent=1463"}],"wp:term":[{"taxonomy":"product_brand","embeddable":true,"href":"https:\/\/tienda.cocinascisa.com\/index.php\/wp-json\/wp\/v2\/product_brand?post=1463"},{"taxonomy":"product_cat","embeddable":true,"href":"https:\/\/tienda.cocinascisa.com\/index.php\/wp-json\/wp\/v2\/product_cat?post=1463"},{"taxonomy":"product_tag","embeddable":true,"href":"https:\/\/tienda.cocinascisa.com\/index.php\/wp-json\/wp\/v2\/product_tag?post=1463"}],"curies":[{"name":"wp","href":"https:\/\/api.w.org\/{rel}","templated":true}]}}