{"id":1478,"date":"2021-10-13T00:00:00","date_gmt":"2021-10-13T00:00:00","guid":{"rendered":"https:\/\/tienda.cocinascisa.com\/index.php\/producto\/bascula-de-plataforma-con-capacidad-de-400-kgs-eqm-400\/"},"modified":"2026-03-18T18:53:08","modified_gmt":"2026-03-18T18:53:08","slug":"bascula-de-plataforma-con-capacidad-de-400-kgs-eqm-400","status":"publish","type":"product","link":"https:\/\/tienda.cocinascisa.com\/index.php\/producto\/bascula-de-plataforma-con-capacidad-de-400-kgs-eqm-400\/","title":{"rendered":"BASCULA DE PLATAFORMA CON CAPACIDAD DE 400 KGS EQM-400"},"content":{"rendered":"<p>Verifique que recibe y vende kilos 100% exactos.<br \/>\nElimine p\u00e9rdidas en su negocio al no recibir la mercanc\u00eda de sus proveedores a ciegas.<br \/>\nReciba y venda su mercanc\u00eda m\u00e1s r\u00e1pido.<br \/>\nGarantiza que sus clientes est\u00e1n recibiendo kilos de a kilo.<br \/>\nDesplace su b\u00e1scula de un lugar a otro con el m\u00e1s m\u00ednimo esfuerzo.<br \/>\nCuenta con la pantalla digital m\u00e1s grande del mercado.<br \/>\nBater\u00eda recargable de 150 horas<br \/>\nEspecificaciones:<br \/>\nCapacidad 400 kg \/ 800 lb<br \/>\nFunci\u00f3n Tara: 400 kg \/ 800 lb<br \/>\nDivision Minima 100 g \/ 0.2 lb<br \/>\nDisplay Cuarzo l\u00edquido<br \/>\nMedidas del Plato: 0.69 x 0.84 cm<br \/>\nDimensiones del Equipo: 0.74 x 0.96 m<br \/>\nPeso Neto: 55 kg \/ 125.7 lb \/ 89 kg \/ 196 lb<br \/>\nPeso Empaque: 86.5 kg \/ 190.7 lb \/ 106kg \/ 233.3 lb<\/p>\n","protected":false},"excerpt":{"rendered":"<p>BASCULA DE PLATAFORMA CON CAPACIDAD DE 400 KGS EQM-400<\/p>\n","protected":false},"featured_media":1479,"comment_status":"closed","ping_status":"closed","template":"","meta":{"site-sidebar-layout":"default","site-content-layout":"","ast-site-content-layout":"default","site-content-style":"default","site-sidebar-style":"default","ast-global-header-display":"","ast-banner-title-visibility":"","ast-main-header-display":"","ast-hfb-above-header-display":"","ast-hfb-below-header-display":"","ast-hfb-mobile-header-display":"","site-post-title":"","ast-breadcrumbs-content":"","ast-featured-img":"","footer-sml-layout":"","ast-disable-related-posts":"","theme-transparent-header-meta":"","adv-header-id-meta":"","stick-header-meta":"","header-above-stick-meta":"","header-main-stick-meta":"","header-below-stick-meta":"","astra-migrate-meta-layouts":"default","ast-page-background-enabled":"default","ast-page-background-meta":{"desktop":{"background-color":"var(--ast-global-color-5)","background-image":"","background-repeat":"repeat","background-position":"center center","background-size":"auto","background-attachment":"scroll","background-type":"","background-media":"","overlay-type":"","overlay-color":"","overlay-opacity":"","overlay-gradient":""},"tablet":{"background-color":"","background-image":"","background-repeat":"repeat","background-position":"center center","background-size":"auto","background-attachment":"scroll","background-type":"","background-media":"","overlay-type":"","overlay-color":"","overlay-opacity":"","overlay-gradient":""},"mobile":{"background-color":"","background-image":"","background-repeat":"repeat","background-position":"center center","background-size":"auto","background-attachment":"scroll","background-type":"","background-media":"","overlay-type":"","overlay-color":"","overlay-opacity":"","overlay-gradient":""}},"ast-content-background-meta":{"desktop":{"background-color":"var(--ast-global-color-4)","background-image":"","background-repeat":"repeat","background-position":"center center","background-size":"auto","background-attachment":"scroll","background-type":"","background-media":"","overlay-type":"","overlay-color":"","overlay-opacity":"","overlay-gradient":""},"tablet":{"background-color":"var(--ast-global-color-4)","background-image":"","background-repeat":"repeat","background-position":"center center","background-size":"auto","background-attachment":"scroll","background-type":"","background-media":"","overlay-type":"","overlay-color":"","overlay-opacity":"","overlay-gradient":""},"mobile":{"background-color":"var(--ast-global-color-4)","background-image":"","background-repeat":"repeat","background-position":"center center","background-size":"auto","background-attachment":"scroll","background-type":"","background-media":"","overlay-type":"","overlay-color":"","overlay-opacity":"","overlay-gradient":""}}},"product_brand":[],"product_cat":[540,542,539,538],"product_tag":[],"class_list":{"0":"post-1478","1":"product","2":"type-product","3":"status-publish","4":"has-post-thumbnail","6":"product_cat-basculas-equipo-de-preparacion","7":"product_cat-basculas-de-plataforma","8":"product_cat-equipo-de-preparacion","9":"product_cat-torrey","10":"desktop-align-left","11":"tablet-align-left","12":"mobile-align-left","14":"first","15":"instock","16":"purchasable","17":"product-type-simple"},"_links":{"self":[{"href":"https:\/\/tienda.cocinascisa.com\/index.php\/wp-json\/wp\/v2\/product\/1478","targetHints":{"allow":["GET"]}}],"collection":[{"href":"https:\/\/tienda.cocinascisa.com\/index.php\/wp-json\/wp\/v2\/product"}],"about":[{"href":"https:\/\/tienda.cocinascisa.com\/index.php\/wp-json\/wp\/v2\/types\/product"}],"replies":[{"embeddable":true,"href":"https:\/\/tienda.cocinascisa.com\/index.php\/wp-json\/wp\/v2\/comments?post=1478"}],"wp:featuredmedia":[{"embeddable":true,"href":"https:\/\/tienda.cocinascisa.com\/index.php\/wp-json\/wp\/v2\/media\/1479"}],"wp:attachment":[{"href":"https:\/\/tienda.cocinascisa.com\/index.php\/wp-json\/wp\/v2\/media?parent=1478"}],"wp:term":[{"taxonomy":"product_brand","embeddable":true,"href":"https:\/\/tienda.cocinascisa.com\/index.php\/wp-json\/wp\/v2\/product_brand?post=1478"},{"taxonomy":"product_cat","embeddable":true,"href":"https:\/\/tienda.cocinascisa.com\/index.php\/wp-json\/wp\/v2\/product_cat?post=1478"},{"taxonomy":"product_tag","embeddable":true,"href":"https:\/\/tienda.cocinascisa.com\/index.php\/wp-json\/wp\/v2\/product_tag?post=1478"}],"curies":[{"name":"wp","href":"https:\/\/api.w.org\/{rel}","templated":true}]}}