{"id":1508,"date":"2021-10-13T00:00:00","date_gmt":"2021-10-13T00:00:00","guid":{"rendered":"https:\/\/tienda.cocinascisa.com\/index.php\/producto\/cortadora-de-pan-con-capacidad-de-hasta-31-rebanadas-tr-31\/"},"modified":"2026-03-18T18:53:30","modified_gmt":"2026-03-18T18:53:30","slug":"cortadora-de-pan-con-capacidad-de-hasta-31-rebanadas-tr-31","status":"publish","type":"product","link":"https:\/\/tienda.cocinascisa.com\/index.php\/producto\/cortadora-de-pan-con-capacidad-de-hasta-31-rebanadas-tr-31\/","title":{"rendered":"CORTADORA DE PAN CON CAPACIDAD DE HASTA 31 REBANADAS TR-31"},"content":{"rendered":"<p>Ajustador para la barra de pan.<br \/>\nBotones para encendido y apagado.<br \/>\nTransmisi\u00f3n mediante una correa en V de alta resistencia,<br \/>\nCortadora de pan confiable, silenciosa y de alta eficiencia con su estructura compacta.<br \/>\nLas piezas que entran en contacto directo con los alimentos est\u00e1n hechas de acero inoxidable avanzado, que cumple con los est\u00e1ndares establecidos por la Organizaci\u00f3n Mundial de la Salud.<br \/>\nLas cuchillas afiladas mantienen la apariencia uniforme del pan rebanado.<br \/>\nIdeal para supermercados, hoteles, panader\u00edas, Cafeter\u00edas, subs stores etc.<br \/>\nUtilizada para rebanar pan de peque\u00f1o en volumen.<br \/>\nAlta velocidad de trabajo.<br \/>\nEstructura compacta.<br \/>\nEspecificaciones:<br \/>\nFabricada en acero inoxidable.<br \/>\n31 Cuchillas tipo sierra para rebanadas de 1.2 cm de grosor.<br \/>\nBotones para encendido y apagado.<br \/>\nMotor: 1\/3 H.P.<br \/>\nVoltaje: 110V\/60HZ.<br \/>\nPotencia 250W<br \/>\nMedidas: 0.65 x 0.74 x 0.78 m<\/p>\n","protected":false},"excerpt":{"rendered":"<p>CORTADORA DE PAN CON CAPACIDAD DE HASTA 31 REBANADAS TR-31<\/p>\n","protected":false},"featured_media":1509,"comment_status":"closed","ping_status":"closed","template":"","meta":{"site-sidebar-layout":"default","site-content-layout":"","ast-site-content-layout":"default","site-content-style":"default","site-sidebar-style":"default","ast-global-header-display":"","ast-banner-title-visibility":"","ast-main-header-display":"","ast-hfb-above-header-display":"","ast-hfb-below-header-display":"","ast-hfb-mobile-header-display":"","site-post-title":"","ast-breadcrumbs-content":"","ast-featured-img":"","footer-sml-layout":"","ast-disable-related-posts":"","theme-transparent-header-meta":"","adv-header-id-meta":"","stick-header-meta":"","header-above-stick-meta":"","header-main-stick-meta":"","header-below-stick-meta":"","astra-migrate-meta-layouts":"default","ast-page-background-enabled":"default","ast-page-background-meta":{"desktop":{"background-color":"var(--ast-global-color-5)","background-image":"","background-repeat":"repeat","background-position":"center center","background-size":"auto","background-attachment":"scroll","background-type":"","background-media":"","overlay-type":"","overlay-color":"","overlay-opacity":"","overlay-gradient":""},"tablet":{"background-color":"","background-image":"","background-repeat":"repeat","background-position":"center center","background-size":"auto","background-attachment":"scroll","background-type":"","background-media":"","overlay-type":"","overlay-color":"","overlay-opacity":"","overlay-gradient":""},"mobile":{"background-color":"","background-image":"","background-repeat":"repeat","background-position":"center center","background-size":"auto","background-attachment":"scroll","background-type":"","background-media":"","overlay-type":"","overlay-color":"","overlay-opacity":"","overlay-gradient":""}},"ast-content-background-meta":{"desktop":{"background-color":"var(--ast-global-color-4)","background-image":"","background-repeat":"repeat","background-position":"center center","background-size":"auto","background-attachment":"scroll","background-type":"","background-media":"","overlay-type":"","overlay-color":"","overlay-opacity":"","overlay-gradient":""},"tablet":{"background-color":"var(--ast-global-color-4)","background-image":"","background-repeat":"repeat","background-position":"center center","background-size":"auto","background-attachment":"scroll","background-type":"","background-media":"","overlay-type":"","overlay-color":"","overlay-opacity":"","overlay-gradient":""},"mobile":{"background-color":"var(--ast-global-color-4)","background-image":"","background-repeat":"repeat","background-position":"center center","background-size":"auto","background-attachment":"scroll","background-type":"","background-media":"","overlay-type":"","overlay-color":"","overlay-opacity":"","overlay-gradient":""}}},"product_brand":[],"product_cat":[549,548,544,357],"product_tag":[],"class_list":{"0":"post-1508","1":"product","2":"type-product","3":"status-publish","4":"has-post-thumbnail","6":"product_cat-catering-cortadora-de-pan","7":"product_cat-cortadora-de-pan","8":"product_cat-equipo-de-preparacion-migsa","9":"product_cat-migsa","10":"desktop-align-left","11":"tablet-align-left","12":"mobile-align-left","14":"first","15":"instock","16":"purchasable","17":"product-type-simple"},"_links":{"self":[{"href":"https:\/\/tienda.cocinascisa.com\/index.php\/wp-json\/wp\/v2\/product\/1508","targetHints":{"allow":["GET"]}}],"collection":[{"href":"https:\/\/tienda.cocinascisa.com\/index.php\/wp-json\/wp\/v2\/product"}],"about":[{"href":"https:\/\/tienda.cocinascisa.com\/index.php\/wp-json\/wp\/v2\/types\/product"}],"replies":[{"embeddable":true,"href":"https:\/\/tienda.cocinascisa.com\/index.php\/wp-json\/wp\/v2\/comments?post=1508"}],"wp:featuredmedia":[{"embeddable":true,"href":"https:\/\/tienda.cocinascisa.com\/index.php\/wp-json\/wp\/v2\/media\/1509"}],"wp:attachment":[{"href":"https:\/\/tienda.cocinascisa.com\/index.php\/wp-json\/wp\/v2\/media?parent=1508"}],"wp:term":[{"taxonomy":"product_brand","embeddable":true,"href":"https:\/\/tienda.cocinascisa.com\/index.php\/wp-json\/wp\/v2\/product_brand?post=1508"},{"taxonomy":"product_cat","embeddable":true,"href":"https:\/\/tienda.cocinascisa.com\/index.php\/wp-json\/wp\/v2\/product_cat?post=1508"},{"taxonomy":"product_tag","embeddable":true,"href":"https:\/\/tienda.cocinascisa.com\/index.php\/wp-json\/wp\/v2\/product_tag?post=1508"}],"curies":[{"name":"wp","href":"https:\/\/api.w.org\/{rel}","templated":true}]}}