{"id":1548,"date":"2021-10-13T00:00:00","date_gmt":"2021-10-13T00:00:00","guid":{"rendered":"https:\/\/tienda.cocinascisa.com\/index.php\/producto\/licuadora-industrial-de-volteo-lvp12l-con-capacidad-de-12-litros\/"},"modified":"2026-03-18T18:54:05","modified_gmt":"2026-03-18T18:54:05","slug":"licuadora-industrial-de-volteo-lvp12l-con-capacidad-de-12-litros","status":"publish","type":"product","link":"https:\/\/tienda.cocinascisa.com\/index.php\/producto\/licuadora-industrial-de-volteo-lvp12l-con-capacidad-de-12-litros\/","title":{"rendered":"LICUADORA INDUSTRIAL DE VOLTEO LVP12L CON CAPACIDAD DE 12 LITROS"},"content":{"rendered":"<p>Licuadoras industriales est\u00e1n fabricadas en acero inoxidable y son ideales para la operaci\u00f3n de cocinas, hoteles, restaurantes.<br \/>\nIdeal para comedores industriales e institucionales, as\u00ed como en hospitales y grandes restaurantes, donde la cantidad de producto demandada es alta.<br \/>\nIncluye base con triple cintur\u00f3n de ventilas que evita calentamientos as\u00ed como el paso de l\u00edquidos.<br \/>\nManija de seguridad \u00abeasy free\u00bb para evitar derrames.<br \/>\nDise\u00f1adas para procesar grandes cantidades de alimento en corto tiempo.<br \/>\nNovedoso sistema de f\u00e1cil limpieza y optimo funcionamiento interno; el vaso evita que se derrame el liquido al estar en la maquina de operaci\u00f3n.<br \/>\nSus partes met\u00e1licas garantizas la larga vida \u00fatil sin hules o pl\u00e1sticos en acoplamientos, evitan rouras o p\u00e9rdidas.<br \/>\nVentilas en la cubierta retrasan el calentamiento prematuro y evitan el paso accidental de l\u00edquidos al motor. (Solo Tapisa ofrece este sistema incorporado a sus productos).<br \/>\nFabricada totalmente en acero inoxidable.<br \/>\nMotor con Potencia de 1.5 HP<br \/>\nCon 35,520 RPM.<br \/>\nEspecificaciones:<br \/>\nCapacidad: 12 Lts.<br \/>\nVoltaje: 127\/60\/1<br \/>\nMedidas: 0.25\u00d70.25\u00d71.30 mts.<br \/>\nPeso: 25 kg.<\/p>\n","protected":false},"excerpt":{"rendered":"<p>LICUADORA INDUSTRIAL DE VOLTEO LVP12L CON CAPACIDAD DE 12 LITROS<\/p>\n","protected":false},"featured_media":1549,"comment_status":"closed","ping_status":"closed","template":"","meta":{"site-sidebar-layout":"default","site-content-layout":"","ast-site-content-layout":"default","site-content-style":"default","site-sidebar-style":"default","ast-global-header-display":"","ast-banner-title-visibility":"","ast-main-header-display":"","ast-hfb-above-header-display":"","ast-hfb-below-header-display":"","ast-hfb-mobile-header-display":"","site-post-title":"","ast-breadcrumbs-content":"","ast-featured-img":"","footer-sml-layout":"","ast-disable-related-posts":"","theme-transparent-header-meta":"","adv-header-id-meta":"","stick-header-meta":"","header-above-stick-meta":"","header-main-stick-meta":"","header-below-stick-meta":"","astra-migrate-meta-layouts":"default","ast-page-background-enabled":"default","ast-page-background-meta":{"desktop":{"background-color":"var(--ast-global-color-5)","background-image":"","background-repeat":"repeat","background-position":"center center","background-size":"auto","background-attachment":"scroll","background-type":"","background-media":"","overlay-type":"","overlay-color":"","overlay-opacity":"","overlay-gradient":""},"tablet":{"background-color":"","background-image":"","background-repeat":"repeat","background-position":"center center","background-size":"auto","background-attachment":"scroll","background-type":"","background-media":"","overlay-type":"","overlay-color":"","overlay-opacity":"","overlay-gradient":""},"mobile":{"background-color":"","background-image":"","background-repeat":"repeat","background-position":"center center","background-size":"auto","background-attachment":"scroll","background-type":"","background-media":"","overlay-type":"","overlay-color":"","overlay-opacity":"","overlay-gradient":""}},"ast-content-background-meta":{"desktop":{"background-color":"var(--ast-global-color-4)","background-image":"","background-repeat":"repeat","background-position":"center center","background-size":"auto","background-attachment":"scroll","background-type":"","background-media":"","overlay-type":"","overlay-color":"","overlay-opacity":"","overlay-gradient":""},"tablet":{"background-color":"var(--ast-global-color-4)","background-image":"","background-repeat":"repeat","background-position":"center center","background-size":"auto","background-attachment":"scroll","background-type":"","background-media":"","overlay-type":"","overlay-color":"","overlay-opacity":"","overlay-gradient":""},"mobile":{"background-color":"var(--ast-global-color-4)","background-image":"","background-repeat":"repeat","background-position":"center center","background-size":"auto","background-attachment":"scroll","background-type":"","background-media":"","overlay-type":"","overlay-color":"","overlay-opacity":"","overlay-gradient":""}}},"product_brand":[],"product_cat":[581,583,582,563],"product_tag":[],"class_list":{"0":"post-1548","1":"product","2":"type-product","3":"status-publish","4":"has-post-thumbnail","6":"product_cat-equipo-de-preparacion-tapisa","7":"product_cat-licuadora-de-volteo-licuadoras-industriales-equipo-de-preparacion-tapisa","8":"product_cat-licuadoras-industriales-equipo-de-preparacion-tapisa","9":"product_cat-tapisa","10":"desktop-align-left","11":"tablet-align-left","12":"mobile-align-left","14":"first","15":"instock","16":"purchasable","17":"product-type-simple"},"_links":{"self":[{"href":"https:\/\/tienda.cocinascisa.com\/index.php\/wp-json\/wp\/v2\/product\/1548","targetHints":{"allow":["GET"]}}],"collection":[{"href":"https:\/\/tienda.cocinascisa.com\/index.php\/wp-json\/wp\/v2\/product"}],"about":[{"href":"https:\/\/tienda.cocinascisa.com\/index.php\/wp-json\/wp\/v2\/types\/product"}],"replies":[{"embeddable":true,"href":"https:\/\/tienda.cocinascisa.com\/index.php\/wp-json\/wp\/v2\/comments?post=1548"}],"wp:featuredmedia":[{"embeddable":true,"href":"https:\/\/tienda.cocinascisa.com\/index.php\/wp-json\/wp\/v2\/media\/1549"}],"wp:attachment":[{"href":"https:\/\/tienda.cocinascisa.com\/index.php\/wp-json\/wp\/v2\/media?parent=1548"}],"wp:term":[{"taxonomy":"product_brand","embeddable":true,"href":"https:\/\/tienda.cocinascisa.com\/index.php\/wp-json\/wp\/v2\/product_brand?post=1548"},{"taxonomy":"product_cat","embeddable":true,"href":"https:\/\/tienda.cocinascisa.com\/index.php\/wp-json\/wp\/v2\/product_cat?post=1548"},{"taxonomy":"product_tag","embeddable":true,"href":"https:\/\/tienda.cocinascisa.com\/index.php\/wp-json\/wp\/v2\/product_tag?post=1548"}],"curies":[{"name":"wp","href":"https:\/\/api.w.org\/{rel}","templated":true}]}}