{"id":1608,"date":"2021-10-13T00:00:00","date_gmt":"2021-10-13T00:00:00","guid":{"rendered":"https:\/\/tienda.cocinascisa.com\/index.php\/producto\/licuadora-de-bar-para-preparacion-de-bebidas-hbb250r-rio\/"},"modified":"2026-03-18T18:55:12","modified_gmt":"2026-03-18T18:55:12","slug":"licuadora-de-bar-para-preparacion-de-bebidas-hbb250r-rio","status":"publish","type":"product","link":"https:\/\/tienda.cocinascisa.com\/index.php\/producto\/licuadora-de-bar-para-preparacion-de-bebidas-hbb250r-rio\/","title":{"rendered":"LICUADORA DE BAR PARA PREPARACION DE BEBIDAS HBB250R RIO"},"content":{"rendered":"<p>Dise\u00f1o de hoja Wave-Action<br \/>\nCuchilla de Acero Inoxidable fuerza continuamente la mezcla en las cuchillas, garantizando que nunca haya trozos de hielo u otros restos de producto al final del proceso de mezclado.<\/p>\n<p>En lugar de girar en un movimiento circular como las batidoras tradicionales, las cuchillas del exclusivo sistema Wave-Action se mueven hacia arriba y hacia afuera para extraer los ingredientes de arriba hacia abajo y obtener una mezcla homog\u00e9nea y uniforme durante todo el proceso.<\/p>\n<p>2 velocidades de potencia<br \/>\nCon un motor de 3\/4 hp, puedes mezclar tus bebidas con una precisi\u00f3n incre\u00edble a dos velocidades, alta y baja, y opciones de pulso.<\/p>\n<p>Adem\u00e1s, con dos velocidades, tendr\u00e1 un mayor control sobre la consistencia del producto.<\/p>\n<p>Contenedor de policarbonato duradero<br \/>\nUna m\u00e1quina incre\u00edblemente vers\u00e1til, esta licuadora incluye un contenedor de policarbonato resistente a roturas con marcas de medici\u00f3n convenientes para que pueda medir con facilidad y precisi\u00f3n los ingredientes para la mezcla perfecta.<\/p>\n<p>Patas antideslizantes<br \/>\nPara una mayor estabilidad, toda la unidad est\u00e1 montada en las patas de agarre seguro para evitar el movimiento mientras est\u00e1 en uso.<\/p>\n<p>Especificaciones:<br \/>\nVaso Apilable 44 oz de Policarbonato<br \/>\nEstructura resistente a las roturas<br \/>\nSistema de mezcla Wave-Action<br \/>\nMotor de 3\/4 hp<br \/>\nDos configuraciones de velocidad con opci\u00f3n de pulso<br \/>\nRecipiente y cuchilla extra\u00edbles para facilitar la limpieza<br \/>\nVoltaje 120V<\/p>\n","protected":false},"excerpt":{"rendered":"<p>LICUADORA DE BAR PARA PREPARACION DE BEBIDAS HBB250R RIO<\/p>\n","protected":false},"featured_media":1609,"comment_status":"closed","ping_status":"closed","template":"","meta":{"site-sidebar-layout":"default","site-content-layout":"","ast-site-content-layout":"default","site-content-style":"default","site-sidebar-style":"default","ast-global-header-display":"","ast-banner-title-visibility":"","ast-main-header-display":"","ast-hfb-above-header-display":"","ast-hfb-below-header-display":"","ast-hfb-mobile-header-display":"","site-post-title":"","ast-breadcrumbs-content":"","ast-featured-img":"","footer-sml-layout":"","ast-disable-related-posts":"","theme-transparent-header-meta":"","adv-header-id-meta":"","stick-header-meta":"","header-above-stick-meta":"","header-main-stick-meta":"","header-below-stick-meta":"","astra-migrate-meta-layouts":"default","ast-page-background-enabled":"default","ast-page-background-meta":{"desktop":{"background-color":"var(--ast-global-color-5)","background-image":"","background-repeat":"repeat","background-position":"center center","background-size":"auto","background-attachment":"scroll","background-type":"","background-media":"","overlay-type":"","overlay-color":"","overlay-opacity":"","overlay-gradient":""},"tablet":{"background-color":"","background-image":"","background-repeat":"repeat","background-position":"center center","background-size":"auto","background-attachment":"scroll","background-type":"","background-media":"","overlay-type":"","overlay-color":"","overlay-opacity":"","overlay-gradient":""},"mobile":{"background-color":"","background-image":"","background-repeat":"repeat","background-position":"center center","background-size":"auto","background-attachment":"scroll","background-type":"","background-media":"","overlay-type":"","overlay-color":"","overlay-opacity":"","overlay-gradient":""}},"ast-content-background-meta":{"desktop":{"background-color":"var(--ast-global-color-4)","background-image":"","background-repeat":"repeat","background-position":"center center","background-size":"auto","background-attachment":"scroll","background-type":"","background-media":"","overlay-type":"","overlay-color":"","overlay-opacity":"","overlay-gradient":""},"tablet":{"background-color":"var(--ast-global-color-4)","background-image":"","background-repeat":"repeat","background-position":"center center","background-size":"auto","background-attachment":"scroll","background-type":"","background-media":"","overlay-type":"","overlay-color":"","overlay-opacity":"","overlay-gradient":""},"mobile":{"background-color":"var(--ast-global-color-4)","background-image":"","background-repeat":"repeat","background-position":"center center","background-size":"auto","background-attachment":"scroll","background-type":"","background-media":"","overlay-type":"","overlay-color":"","overlay-opacity":"","overlay-gradient":""}}},"product_brand":[],"product_cat":[610,609,612,611,357],"product_tag":[],"class_list":{"0":"post-1608","1":"product","2":"type-product","3":"status-publish","4":"has-post-thumbnail","6":"product_cat-equipo-para-fuente-de-sodas-hamilton-beach-migsa","7":"product_cat-hamilton-beach-migsa","8":"product_cat-licuadora-de-bebidas-licuadoras-industriales-equipo-para-fuente-de-sodas-hamilton-beach-migsa","9":"product_cat-licuadoras-industriales-equipo-para-fuente-de-sodas-hamilton-beach-migsa","10":"product_cat-migsa","11":"desktop-align-left","12":"tablet-align-left","13":"mobile-align-left","15":"first","16":"instock","17":"purchasable","18":"product-type-simple"},"_links":{"self":[{"href":"https:\/\/tienda.cocinascisa.com\/index.php\/wp-json\/wp\/v2\/product\/1608","targetHints":{"allow":["GET"]}}],"collection":[{"href":"https:\/\/tienda.cocinascisa.com\/index.php\/wp-json\/wp\/v2\/product"}],"about":[{"href":"https:\/\/tienda.cocinascisa.com\/index.php\/wp-json\/wp\/v2\/types\/product"}],"replies":[{"embeddable":true,"href":"https:\/\/tienda.cocinascisa.com\/index.php\/wp-json\/wp\/v2\/comments?post=1608"}],"wp:featuredmedia":[{"embeddable":true,"href":"https:\/\/tienda.cocinascisa.com\/index.php\/wp-json\/wp\/v2\/media\/1609"}],"wp:attachment":[{"href":"https:\/\/tienda.cocinascisa.com\/index.php\/wp-json\/wp\/v2\/media?parent=1608"}],"wp:term":[{"taxonomy":"product_brand","embeddable":true,"href":"https:\/\/tienda.cocinascisa.com\/index.php\/wp-json\/wp\/v2\/product_brand?post=1608"},{"taxonomy":"product_cat","embeddable":true,"href":"https:\/\/tienda.cocinascisa.com\/index.php\/wp-json\/wp\/v2\/product_cat?post=1608"},{"taxonomy":"product_tag","embeddable":true,"href":"https:\/\/tienda.cocinascisa.com\/index.php\/wp-json\/wp\/v2\/product_tag?post=1608"}],"curies":[{"name":"wp","href":"https:\/\/api.w.org\/{rel}","templated":true}]}}