{"id":1624,"date":"2021-10-13T00:00:00","date_gmt":"2021-10-13T00:00:00","guid":{"rendered":"https:\/\/tienda.cocinascisa.com\/index.php\/producto\/licuadora-para-preparar-bebidas-vita-prep-62827\/"},"modified":"2026-03-18T18:55:25","modified_gmt":"2026-03-18T18:55:25","slug":"licuadora-para-preparar-bebidas-vita-prep-62827","status":"publish","type":"product","link":"https:\/\/tienda.cocinascisa.com\/index.php\/producto\/licuadora-para-preparar-bebidas-vita-prep-62827\/","title":{"rendered":"LICUADORA PARA PREPARAR BEBIDAS VITA PREP 62827"},"content":{"rendered":"<p>Vita-Prep\u00ae es una herramienta el\u00e9ctrica confiable para cocinas comerciales.<\/p>\n<p>El control de velocidad variable proporciona texturas precisas y reduce el tiempo de preparaci\u00f3n, mientras que el Tamper le permite mezclar mezclas gruesas sin detener la m\u00e1quina.<\/p>\n<p>Este producto est\u00e1 destinado solo para uso comercial.<\/p>\n<p>Motor ?2-HP<\/p>\n<p>Dise\u00f1o mejorado de nuestro motor HP con salida m\u00e1xima 2.3;<\/p>\n<p>Ofrece potencia y durabilidad para un mejor procesamiento.<\/p>\n<p>Controles intuitivos de velocidad variables, operado manualmente ajusta la textura con precisi\u00f3n,<\/p>\n<p>Interruptor de arranque \/ parada regresa autom\u00e1ticamente a una posici\u00f3n neutral, lo que ayuda a prevenir arranques involuntarios.<\/p>\n<p>Manosear Un Tamper incluido proporciona la flexibilidad para mezclar mezclas gruesas y congeladas sin detener la m\u00e1quina.<\/p>\n<p>Contenedor duradero Nuestro contenedor duradero de 64 onzas libre de BPA y de alto impacto viene con un tap\u00f3n de tapa extra\u00edble, lo que facilita agregar ingredientes mientras se lic\u00faa.<\/p>\n<p>Especificaciones:<br \/>\nVita-Prep\u00ae es una herramienta el\u00e9ctrica confiable para uso comercial cocinas.<br \/>\nControl de velocidad variable ofrece texturas precisas y reduce el tiempo de preparaci\u00f3n<br \/>\nPermite combinar mezclas gruesas sin detener la m\u00e1quina.<br \/>\nVita-Prep es imprescindible en cocinas concurridas donde la coherencia y la calidad son esenciales.<br \/>\nMotor ?2.3 HP<br \/>\nVoltaje 120 V<br \/>\nFrecuencia 50\/60 Hz,<br \/>\nAmperaje 11.5 Amps<br \/>\nDimensiones: 0.52 x 0.21 x 0.23 m<br \/>\nPesos: 5,53 kg (6,26 kg con la caja)<\/p>\n","protected":false},"excerpt":{"rendered":"<p>LICUADORA PARA PREPARAR BEBIDAS VITA PREP 62827<\/p>\n","protected":false},"featured_media":1625,"comment_status":"closed","ping_status":"closed","template":"","meta":{"site-sidebar-layout":"default","site-content-layout":"","ast-site-content-layout":"default","site-content-style":"default","site-sidebar-style":"default","ast-global-header-display":"","ast-banner-title-visibility":"","ast-main-header-display":"","ast-hfb-above-header-display":"","ast-hfb-below-header-display":"","ast-hfb-mobile-header-display":"","site-post-title":"","ast-breadcrumbs-content":"","ast-featured-img":"","footer-sml-layout":"","ast-disable-related-posts":"","theme-transparent-header-meta":"","adv-header-id-meta":"","stick-header-meta":"","header-above-stick-meta":"","header-main-stick-meta":"","header-below-stick-meta":"","astra-migrate-meta-layouts":"default","ast-page-background-enabled":"default","ast-page-background-meta":{"desktop":{"background-color":"var(--ast-global-color-5)","background-image":"","background-repeat":"repeat","background-position":"center center","background-size":"auto","background-attachment":"scroll","background-type":"","background-media":"","overlay-type":"","overlay-color":"","overlay-opacity":"","overlay-gradient":""},"tablet":{"background-color":"","background-image":"","background-repeat":"repeat","background-position":"center center","background-size":"auto","background-attachment":"scroll","background-type":"","background-media":"","overlay-type":"","overlay-color":"","overlay-opacity":"","overlay-gradient":""},"mobile":{"background-color":"","background-image":"","background-repeat":"repeat","background-position":"center center","background-size":"auto","background-attachment":"scroll","background-type":"","background-media":"","overlay-type":"","overlay-color":"","overlay-opacity":"","overlay-gradient":""}},"ast-content-background-meta":{"desktop":{"background-color":"var(--ast-global-color-4)","background-image":"","background-repeat":"repeat","background-position":"center center","background-size":"auto","background-attachment":"scroll","background-type":"","background-media":"","overlay-type":"","overlay-color":"","overlay-opacity":"","overlay-gradient":""},"tablet":{"background-color":"var(--ast-global-color-4)","background-image":"","background-repeat":"repeat","background-position":"center center","background-size":"auto","background-attachment":"scroll","background-type":"","background-media":"","overlay-type":"","overlay-color":"","overlay-opacity":"","overlay-gradient":""},"mobile":{"background-color":"var(--ast-global-color-4)","background-image":"","background-repeat":"repeat","background-position":"center center","background-size":"auto","background-attachment":"scroll","background-type":"","background-media":"","overlay-type":"","overlay-color":"","overlay-opacity":"","overlay-gradient":""}}},"product_brand":[],"product_cat":[618,620,619,357,617],"product_tag":[],"class_list":{"0":"post-1624","1":"product","2":"type-product","3":"status-publish","4":"has-post-thumbnail","6":"product_cat-equipo-para-bar-vitamix","7":"product_cat-licuadora-de-bebidas-licuadoras-industriales-equipo-para-bar-vitamix","8":"product_cat-licuadoras-industriales-equipo-para-bar-vitamix","9":"product_cat-migsa","10":"product_cat-vitamix","11":"desktop-align-left","12":"tablet-align-left","13":"mobile-align-left","15":"first","16":"instock","17":"purchasable","18":"product-type-simple"},"_links":{"self":[{"href":"https:\/\/tienda.cocinascisa.com\/index.php\/wp-json\/wp\/v2\/product\/1624","targetHints":{"allow":["GET"]}}],"collection":[{"href":"https:\/\/tienda.cocinascisa.com\/index.php\/wp-json\/wp\/v2\/product"}],"about":[{"href":"https:\/\/tienda.cocinascisa.com\/index.php\/wp-json\/wp\/v2\/types\/product"}],"replies":[{"embeddable":true,"href":"https:\/\/tienda.cocinascisa.com\/index.php\/wp-json\/wp\/v2\/comments?post=1624"}],"wp:featuredmedia":[{"embeddable":true,"href":"https:\/\/tienda.cocinascisa.com\/index.php\/wp-json\/wp\/v2\/media\/1625"}],"wp:attachment":[{"href":"https:\/\/tienda.cocinascisa.com\/index.php\/wp-json\/wp\/v2\/media?parent=1624"}],"wp:term":[{"taxonomy":"product_brand","embeddable":true,"href":"https:\/\/tienda.cocinascisa.com\/index.php\/wp-json\/wp\/v2\/product_brand?post=1624"},{"taxonomy":"product_cat","embeddable":true,"href":"https:\/\/tienda.cocinascisa.com\/index.php\/wp-json\/wp\/v2\/product_cat?post=1624"},{"taxonomy":"product_tag","embeddable":true,"href":"https:\/\/tienda.cocinascisa.com\/index.php\/wp-json\/wp\/v2\/product_tag?post=1624"}],"curies":[{"name":"wp","href":"https:\/\/api.w.org\/{rel}","templated":true}]}}