{"id":1635,"date":"2021-10-13T00:00:00","date_gmt":"2021-10-13T00:00:00","guid":{"rendered":"https:\/\/tienda.cocinascisa.com\/index.php\/producto\/molino-de-carne-con-cedazo-del-no-32-ah-hfm-32\/"},"modified":"2026-03-18T18:55:32","modified_gmt":"2026-03-18T18:55:32","slug":"molino-de-carne-con-cedazo-del-no-32-ah-hfm-32","status":"publish","type":"product","link":"https:\/\/tienda.cocinascisa.com\/index.php\/producto\/molino-de-carne-con-cedazo-del-no-32-ah-hfm-32\/","title":{"rendered":"MOLINO DE CARNE CON CEDAZO DEL No 32 AH-HFM-32"},"content":{"rendered":"<p>F\u00e1cil de Operar<br \/>\nAlta Eficiencia<br \/>\nCertificados de Calidad ETL,CE,RoHS<br \/>\nAmpliamente utilizado en Restaurantes, Supermercados, Carnicer\u00edas y hoteles.<br \/>\nIdeal para Crear su propios embutidos Moler Carne u Otros Productos para preparar Platillos o venderlos directamente<br \/>\nMolino de Carne AH-HFM-22 tiene la estructura compacta, funcionamiento estable y un rendimiento fiable.<br \/>\nLa unidad principal y todas las otras partes estan en contacto directamente con la comida est\u00e1n hechos de acero inoxidable de alta calidad.<br \/>\nDise\u00f1o liso Interno sin huecos que podr\u00edan guardar suciedad y los bordes afilados que podr\u00eda lastimar al operador.<br \/>\nCon 750W de poder, muela con un simple switch de operaci\u00f3n con un boton de On\/Off<br \/>\nCuenta con Cabezal en fundici\u00f3n de Acero Inoxidable de N\u00ba 32<br \/>\nProducci\u00f3n de 120 kg\/hr lo que lo hace un gran productor Comercial<br \/>\nFunciones operativas del molino hacia adelante y hacia atr\u00e1s para evitar el atasco y lograr un producto final homog\u00e9neo<br \/>\nDesarmado sencillo y Mecanismo de Guarda para un mayor seguridad operativa<br \/>\nDise\u00f1o de Auto-Ventilaci\u00f3n para evita sobre-calentamiento de motor<br \/>\nCuerpo anticorrosivo y con nivel alimentario<br \/>\nPatas Antiderrapantes<br \/>\nF\u00e1cil limpieza y mantenimiento Fabricado el Cuerpo en Acero Inoxidable tipo 304<br \/>\nCabezal de Fundici\u00f3n de Acero Inoxidable n\u00ba. 32<br \/>\nFocos Indicadores de Encendido y Apagado<br \/>\nEspecificaciones:<br \/>\nCapacidad 120 kg\/hr<br \/>\nVoltje: 110 v \/60 hZ<br \/>\nConsumo: 1,110 W<br \/>\nMedidas: 0.65 x 0.31 x 0.50 m<br \/>\nPeso: 28 kg<\/p>\n","protected":false},"excerpt":{"rendered":"<p>MOLINO DE CARNE CON CEDAZO DEL No 32 AH-HFM-32<\/p>\n","protected":false},"featured_media":1636,"comment_status":"closed","ping_status":"closed","template":"","meta":{"site-sidebar-layout":"default","site-content-layout":"","ast-site-content-layout":"default","site-content-style":"default","site-sidebar-style":"default","ast-global-header-display":"","ast-banner-title-visibility":"","ast-main-header-display":"","ast-hfb-above-header-display":"","ast-hfb-below-header-display":"","ast-hfb-mobile-header-display":"","site-post-title":"","ast-breadcrumbs-content":"","ast-featured-img":"","footer-sml-layout":"","ast-disable-related-posts":"","theme-transparent-header-meta":"","adv-header-id-meta":"","stick-header-meta":"","header-above-stick-meta":"","header-main-stick-meta":"","header-below-stick-meta":"","astra-migrate-meta-layouts":"default","ast-page-background-enabled":"default","ast-page-background-meta":{"desktop":{"background-color":"var(--ast-global-color-5)","background-image":"","background-repeat":"repeat","background-position":"center center","background-size":"auto","background-attachment":"scroll","background-type":"","background-media":"","overlay-type":"","overlay-color":"","overlay-opacity":"","overlay-gradient":""},"tablet":{"background-color":"","background-image":"","background-repeat":"repeat","background-position":"center center","background-size":"auto","background-attachment":"scroll","background-type":"","background-media":"","overlay-type":"","overlay-color":"","overlay-opacity":"","overlay-gradient":""},"mobile":{"background-color":"","background-image":"","background-repeat":"repeat","background-position":"center center","background-size":"auto","background-attachment":"scroll","background-type":"","background-media":"","overlay-type":"","overlay-color":"","overlay-opacity":"","overlay-gradient":""}},"ast-content-background-meta":{"desktop":{"background-color":"var(--ast-global-color-4)","background-image":"","background-repeat":"repeat","background-position":"center center","background-size":"auto","background-attachment":"scroll","background-type":"","background-media":"","overlay-type":"","overlay-color":"","overlay-opacity":"","overlay-gradient":""},"tablet":{"background-color":"var(--ast-global-color-4)","background-image":"","background-repeat":"repeat","background-position":"center center","background-size":"auto","background-attachment":"scroll","background-type":"","background-media":"","overlay-type":"","overlay-color":"","overlay-opacity":"","overlay-gradient":""},"mobile":{"background-color":"var(--ast-global-color-4)","background-image":"","background-repeat":"repeat","background-position":"center center","background-size":"auto","background-attachment":"scroll","background-type":"","background-media":"","overlay-type":"","overlay-color":"","overlay-opacity":"","overlay-gradient":""}}},"product_brand":[],"product_cat":[631,357,632,633],"product_tag":[],"class_list":{"0":"post-1635","1":"product","2":"type-product","3":"status-publish","4":"has-post-thumbnail","6":"product_cat-equipos-para-procesar-alimentos","7":"product_cat-migsa","8":"product_cat-molinos-de-carne-equipos-para-procesar-alimentos","9":"product_cat-molinos-sobre-mostrador","10":"desktop-align-left","11":"tablet-align-left","12":"mobile-align-left","14":"first","15":"instock","16":"purchasable","17":"product-type-simple"},"_links":{"self":[{"href":"https:\/\/tienda.cocinascisa.com\/index.php\/wp-json\/wp\/v2\/product\/1635","targetHints":{"allow":["GET"]}}],"collection":[{"href":"https:\/\/tienda.cocinascisa.com\/index.php\/wp-json\/wp\/v2\/product"}],"about":[{"href":"https:\/\/tienda.cocinascisa.com\/index.php\/wp-json\/wp\/v2\/types\/product"}],"replies":[{"embeddable":true,"href":"https:\/\/tienda.cocinascisa.com\/index.php\/wp-json\/wp\/v2\/comments?post=1635"}],"wp:featuredmedia":[{"embeddable":true,"href":"https:\/\/tienda.cocinascisa.com\/index.php\/wp-json\/wp\/v2\/media\/1636"}],"wp:attachment":[{"href":"https:\/\/tienda.cocinascisa.com\/index.php\/wp-json\/wp\/v2\/media?parent=1635"}],"wp:term":[{"taxonomy":"product_brand","embeddable":true,"href":"https:\/\/tienda.cocinascisa.com\/index.php\/wp-json\/wp\/v2\/product_brand?post=1635"},{"taxonomy":"product_cat","embeddable":true,"href":"https:\/\/tienda.cocinascisa.com\/index.php\/wp-json\/wp\/v2\/product_cat?post=1635"},{"taxonomy":"product_tag","embeddable":true,"href":"https:\/\/tienda.cocinascisa.com\/index.php\/wp-json\/wp\/v2\/product_tag?post=1635"}],"curies":[{"name":"wp","href":"https:\/\/api.w.org\/{rel}","templated":true}]}}