{"id":1656,"date":"2021-10-13T00:00:00","date_gmt":"2021-10-13T00:00:00","guid":{"rendered":"https:\/\/tienda.cocinascisa.com\/index.php\/producto\/cortadora-de-lechuga-manual-55650\/"},"modified":"2026-03-18T18:55:51","modified_gmt":"2026-03-18T18:55:51","slug":"cortadora-de-lechuga-manual-55650","status":"publish","type":"product","link":"https:\/\/tienda.cocinascisa.com\/index.php\/producto\/cortadora-de-lechuga-manual-55650\/","title":{"rendered":"CORTADORA DE LECHUGA MANUAL 55650"},"content":{"rendered":"<p>Con l\u00e1minas de enclavamiento que pueden cortar una lechuga en 1?x 1?sin aplastar o causar da\u00f1o a al producto final.<br \/>\nSus navajas en forma de surcos y la acci\u00f3n del corte limpio permiten que no se aplaste ni se magulle la lechuga.<br \/>\nProcesa una cabeza completa de lechuga en un solo movimiento.<br \/>\nCorta grandes cantidades de fresca y crujiente lechuga con un corte incre\u00edblemente limpio con lo que se previene que se obscurezcan las orillas de las hojas.<br \/>\nLas cuchillas del cortador Nemco 55650 est\u00e1n anidados, as\u00ed que no necesita de flexi\u00f3n o tensi\u00f3n a\u00f1adida.<br \/>\nSon sustituibles individualmente, no necesita remplazar el marco de corte y cuchilla completa en caso de ruptura o da\u00f1os parciales.<br \/>\nCuenta con un pasador de bloqueo manual que puede ser utilizado para mantener el bloque impulsor bloqueado de forma segura en su lugar.<br \/>\nTanto el bloque empujador como el conjunto de cuchilla se pueden quitar para hacer la limpieza c\u00f3moda y sencilla.<br \/>\nCuenta con un seguro interno para las navajas, adem\u00e1s su limpieza es muy sencilla.<br \/>\nSus navajas entrelazadas evitan flexi\u00f3n y no requieren ser tensionadas y adem\u00e1s de todo son muy f\u00e1ciles de limpiar.<br \/>\nEspecificaciones:<br \/>\nTipo de Instalaci\u00f3n: Sobre Mostrador<br \/>\nFabricado en aluminio moldeado y acero inoxidable<br \/>\nTipo de Operaci\u00f3n: Manual<br \/>\nTama\u00f1o de Corte: 2.54 cm \/ 1 pulgada<br \/>\nMedidas Totales: 33 x 46 x 51 cm<br \/>\nPeso: 7.8 Kg<\/p>\n","protected":false},"excerpt":{"rendered":"<p>CORTADORA DE LECHUGA MANUAL 55650<\/p>\n","protected":false},"featured_media":1657,"comment_status":"closed","ping_status":"closed","template":"","meta":{"site-sidebar-layout":"default","site-content-layout":"","ast-site-content-layout":"default","site-content-style":"default","site-sidebar-style":"default","ast-global-header-display":"","ast-banner-title-visibility":"","ast-main-header-display":"","ast-hfb-above-header-display":"","ast-hfb-below-header-display":"","ast-hfb-mobile-header-display":"","site-post-title":"","ast-breadcrumbs-content":"","ast-featured-img":"","footer-sml-layout":"","ast-disable-related-posts":"","theme-transparent-header-meta":"","adv-header-id-meta":"","stick-header-meta":"","header-above-stick-meta":"","header-main-stick-meta":"","header-below-stick-meta":"","astra-migrate-meta-layouts":"default","ast-page-background-enabled":"default","ast-page-background-meta":{"desktop":{"background-color":"var(--ast-global-color-5)","background-image":"","background-repeat":"repeat","background-position":"center center","background-size":"auto","background-attachment":"scroll","background-type":"","background-media":"","overlay-type":"","overlay-color":"","overlay-opacity":"","overlay-gradient":""},"tablet":{"background-color":"","background-image":"","background-repeat":"repeat","background-position":"center center","background-size":"auto","background-attachment":"scroll","background-type":"","background-media":"","overlay-type":"","overlay-color":"","overlay-opacity":"","overlay-gradient":""},"mobile":{"background-color":"","background-image":"","background-repeat":"repeat","background-position":"center center","background-size":"auto","background-attachment":"scroll","background-type":"","background-media":"","overlay-type":"","overlay-color":"","overlay-opacity":"","overlay-gradient":""}},"ast-content-background-meta":{"desktop":{"background-color":"var(--ast-global-color-4)","background-image":"","background-repeat":"repeat","background-position":"center center","background-size":"auto","background-attachment":"scroll","background-type":"","background-media":"","overlay-type":"","overlay-color":"","overlay-opacity":"","overlay-gradient":""},"tablet":{"background-color":"var(--ast-global-color-4)","background-image":"","background-repeat":"repeat","background-position":"center center","background-size":"auto","background-attachment":"scroll","background-type":"","background-media":"","overlay-type":"","overlay-color":"","overlay-opacity":"","overlay-gradient":""},"mobile":{"background-color":"var(--ast-global-color-4)","background-image":"","background-repeat":"repeat","background-position":"center center","background-size":"auto","background-attachment":"scroll","background-type":"","background-media":"","overlay-type":"","overlay-color":"","overlay-opacity":"","overlay-gradient":""}}},"product_brand":[],"product_cat":[643,641,640,642],"product_tag":[],"class_list":{"0":"post-1656","1":"product","2":"type-product","3":"status-publish","4":"has-post-thumbnail","6":"product_cat-cortadores-de-verduras","7":"product_cat-equipos-para-procesar-alimentos-nemco","8":"product_cat-nemco","9":"product_cat-procesadores-de-alimento-equipos-para-procesar-alimentos-nemco","10":"desktop-align-left","11":"tablet-align-left","12":"mobile-align-left","14":"first","15":"instock","16":"product-type-simple"},"_links":{"self":[{"href":"https:\/\/tienda.cocinascisa.com\/index.php\/wp-json\/wp\/v2\/product\/1656","targetHints":{"allow":["GET"]}}],"collection":[{"href":"https:\/\/tienda.cocinascisa.com\/index.php\/wp-json\/wp\/v2\/product"}],"about":[{"href":"https:\/\/tienda.cocinascisa.com\/index.php\/wp-json\/wp\/v2\/types\/product"}],"replies":[{"embeddable":true,"href":"https:\/\/tienda.cocinascisa.com\/index.php\/wp-json\/wp\/v2\/comments?post=1656"}],"wp:featuredmedia":[{"embeddable":true,"href":"https:\/\/tienda.cocinascisa.com\/index.php\/wp-json\/wp\/v2\/media\/1657"}],"wp:attachment":[{"href":"https:\/\/tienda.cocinascisa.com\/index.php\/wp-json\/wp\/v2\/media?parent=1656"}],"wp:term":[{"taxonomy":"product_brand","embeddable":true,"href":"https:\/\/tienda.cocinascisa.com\/index.php\/wp-json\/wp\/v2\/product_brand?post=1656"},{"taxonomy":"product_cat","embeddable":true,"href":"https:\/\/tienda.cocinascisa.com\/index.php\/wp-json\/wp\/v2\/product_cat?post=1656"},{"taxonomy":"product_tag","embeddable":true,"href":"https:\/\/tienda.cocinascisa.com\/index.php\/wp-json\/wp\/v2\/product_tag?post=1656"}],"curies":[{"name":"wp","href":"https:\/\/api.w.org\/{rel}","templated":true}]}}