{"id":1673,"date":"2021-10-13T00:00:00","date_gmt":"2021-10-13T00:00:00","guid":{"rendered":"https:\/\/tienda.cocinascisa.com\/index.php\/producto\/cortador-de-verduras-manual-easy-chopper-56500-1-2-1-4\/"},"modified":"2026-03-18T18:56:03","modified_gmt":"2026-03-18T18:56:03","slug":"cortador-de-verduras-manual-easy-chopper-56500-1-2-1-4","status":"publish","type":"product","link":"https:\/\/tienda.cocinascisa.com\/index.php\/producto\/cortador-de-verduras-manual-easy-chopper-56500-1-2-1-4\/","title":{"rendered":"CORTADOR DE VERDURAS MANUAL EASY CHOPPER 56500-1, 2 1\/4"},"content":{"rendered":"<p>Cortar nunca antes hab\u00eda sido tan f\u00e1cil gracias a este todo-en-uno Easy Chopper de NEMCO.<br \/>\nEste Cortador Nemco no s\u00f3lo corta tomate, cebolla y papas, sino tambi\u00e9n funciona como una unidad vers\u00e1til que le ahorrar\u00e1 tiempo y trabajo.<br \/>\nEl Nemco 55500-1 1\/4? Chopper utiliza un mango de corto alcance, para mejorar el apalancamiento para lograr el mejor corte en un s\u00f3lo golpe.<br \/>\nEl bloque de empuje est\u00e1 fabricado en pol\u00edmero , las hojas de acero inoxidable serie 300.<br \/>\nCortes precisos, limpios con un solo golpe.<br \/>\nDise\u00f1o sencillo que se desmonta con facilidad para pr\u00e1cticas de limpieza m\u00e1s eficientes.<br \/>\nLas cuatro patas antideslizantes ayudan a mantener el dispositivo fijo, mientras se usa para garantizar la seguridad y la precisi\u00f3n.<br \/>\nEspecificaciones:<br \/>\nFabricado en aluminio moldeado y acero inoxidable.<br \/>\n4 patas antideslizables para fijar durante operaci\u00f3n.<br \/>\nInstalaci\u00f3n: Sobre Mostrador.<br \/>\nOperaci\u00f3n: Manual.<br \/>\nTama\u00f1o de Corte: 1\/4?<br \/>\nMedidas: 20 \u00d7 20 \u00d7 46 cm.<br \/>\nPeso: 4 Kg.<\/p>\n","protected":false},"excerpt":{"rendered":"<p>CORTADOR DE VERDURAS MANUAL EASY CHOPPER 56500-1, 2 1\/4<\/p>\n","protected":false},"featured_media":1674,"comment_status":"closed","ping_status":"closed","template":"","meta":{"site-sidebar-layout":"default","site-content-layout":"","ast-site-content-layout":"default","site-content-style":"default","site-sidebar-style":"default","ast-global-header-display":"","ast-banner-title-visibility":"","ast-main-header-display":"","ast-hfb-above-header-display":"","ast-hfb-below-header-display":"","ast-hfb-mobile-header-display":"","site-post-title":"","ast-breadcrumbs-content":"","ast-featured-img":"","footer-sml-layout":"","ast-disable-related-posts":"","theme-transparent-header-meta":"","adv-header-id-meta":"","stick-header-meta":"","header-above-stick-meta":"","header-main-stick-meta":"","header-below-stick-meta":"","astra-migrate-meta-layouts":"default","ast-page-background-enabled":"default","ast-page-background-meta":{"desktop":{"background-color":"var(--ast-global-color-5)","background-image":"","background-repeat":"repeat","background-position":"center center","background-size":"auto","background-attachment":"scroll","background-type":"","background-media":"","overlay-type":"","overlay-color":"","overlay-opacity":"","overlay-gradient":""},"tablet":{"background-color":"","background-image":"","background-repeat":"repeat","background-position":"center center","background-size":"auto","background-attachment":"scroll","background-type":"","background-media":"","overlay-type":"","overlay-color":"","overlay-opacity":"","overlay-gradient":""},"mobile":{"background-color":"","background-image":"","background-repeat":"repeat","background-position":"center center","background-size":"auto","background-attachment":"scroll","background-type":"","background-media":"","overlay-type":"","overlay-color":"","overlay-opacity":"","overlay-gradient":""}},"ast-content-background-meta":{"desktop":{"background-color":"var(--ast-global-color-4)","background-image":"","background-repeat":"repeat","background-position":"center center","background-size":"auto","background-attachment":"scroll","background-type":"","background-media":"","overlay-type":"","overlay-color":"","overlay-opacity":"","overlay-gradient":""},"tablet":{"background-color":"var(--ast-global-color-4)","background-image":"","background-repeat":"repeat","background-position":"center center","background-size":"auto","background-attachment":"scroll","background-type":"","background-media":"","overlay-type":"","overlay-color":"","overlay-opacity":"","overlay-gradient":""},"mobile":{"background-color":"var(--ast-global-color-4)","background-image":"","background-repeat":"repeat","background-position":"center center","background-size":"auto","background-attachment":"scroll","background-type":"","background-media":"","overlay-type":"","overlay-color":"","overlay-opacity":"","overlay-gradient":""}}},"product_brand":[],"product_cat":[653,640,654,655],"product_tag":[],"class_list":{"0":"post-1673","1":"product","2":"type-product","3":"status-publish","4":"has-post-thumbnail","6":"product_cat-cortador-de-verduras","7":"product_cat-nemco","8":"product_cat-procesadores-de-alimento-cortador-de-verduras","9":"product_cat-slicer","10":"desktop-align-left","11":"tablet-align-left","12":"mobile-align-left","14":"first","15":"instock","16":"product-type-simple"},"_links":{"self":[{"href":"https:\/\/tienda.cocinascisa.com\/index.php\/wp-json\/wp\/v2\/product\/1673","targetHints":{"allow":["GET"]}}],"collection":[{"href":"https:\/\/tienda.cocinascisa.com\/index.php\/wp-json\/wp\/v2\/product"}],"about":[{"href":"https:\/\/tienda.cocinascisa.com\/index.php\/wp-json\/wp\/v2\/types\/product"}],"replies":[{"embeddable":true,"href":"https:\/\/tienda.cocinascisa.com\/index.php\/wp-json\/wp\/v2\/comments?post=1673"}],"wp:featuredmedia":[{"embeddable":true,"href":"https:\/\/tienda.cocinascisa.com\/index.php\/wp-json\/wp\/v2\/media\/1674"}],"wp:attachment":[{"href":"https:\/\/tienda.cocinascisa.com\/index.php\/wp-json\/wp\/v2\/media?parent=1673"}],"wp:term":[{"taxonomy":"product_brand","embeddable":true,"href":"https:\/\/tienda.cocinascisa.com\/index.php\/wp-json\/wp\/v2\/product_brand?post=1673"},{"taxonomy":"product_cat","embeddable":true,"href":"https:\/\/tienda.cocinascisa.com\/index.php\/wp-json\/wp\/v2\/product_cat?post=1673"},{"taxonomy":"product_tag","embeddable":true,"href":"https:\/\/tienda.cocinascisa.com\/index.php\/wp-json\/wp\/v2\/product_tag?post=1673"}],"curies":[{"name":"wp","href":"https:\/\/api.w.org\/{rel}","templated":true}]}}