{"id":1700,"date":"2021-10-13T00:00:00","date_gmt":"2021-10-13T00:00:00","guid":{"rendered":"https:\/\/tienda.cocinascisa.com\/index.php\/producto\/cortador-para-alimentos-con-3-discos-fp-100-1\/"},"modified":"2026-03-18T18:56:34","modified_gmt":"2026-03-18T18:56:34","slug":"cortador-para-alimentos-con-3-discos-fp-100-1","status":"publish","type":"product","link":"https:\/\/tienda.cocinascisa.com\/index.php\/producto\/cortador-para-alimentos-con-3-discos-fp-100-1\/","title":{"rendered":"CORTADOR PARA ALIMENTOS CON 3 DISCOS FP-100-1"},"content":{"rendered":"<p>El procesador de alimentos de alimentaci\u00f3n continua Hobart FP100 viene equipado con todo lo necesario para cortar o triturar r\u00e1pidamente verduras frescas, frutas, e incluso queso.<br \/>\nCada unidad est\u00e1 dise\u00f1ada con un frente en \u00e1ngulo de 50 grados para comodidad del operador y r\u00e1pida carga de producto.<br \/>\nUna media tolva grande con alimentaci\u00f3n de tama\u00f1o compatible con las capacidades de procesamiento para una amplia variedad de productos, al mismo tiempo que permite el corte continuo de productos largos.<br \/>\nCon sus simples interruptores de encendido y apagado y un interruptor de enclavamiento que mantiene la m\u00e1quina funcionando cuando la tapa y la placa de empuje no est\u00e9n en su sitio, puede estar seguro de que este procesador de alimentos es una herramienta f\u00e1cil de usar, eficiente y segura para su cocina comercial.<br \/>\nCon una velocidad de la placa 420 RPM, esta unidad r\u00e1pida y sencilla corta, ralla, cubea y todos los cortes que necesita para procesar y ayudar a su cocina comercial alcanzar una productividad \u00f3ptima.<br \/>\nEsta unidad ocupa un espacio m\u00ednimo en mostrador con su peque\u00f1o pero puede procesar hasta 11 lbs de producto por minuto, eso es 660 lbs. Por hora!<br \/>\nAccesorios Disponibles: (No Incluidos)<br \/>\nPaquete de tres discos:<br \/>\nDisco rebanador de 1\/16, 5\/32,<br \/>\ndisco rallador de 3\/16<br \/>\n1 soporte de discos para la pared<br \/>\nPaquete de seis discos:<br \/>\nDiscos rebanadores de 1\/16, 5\/32, 3\/8 y 7\/32,<br \/>\nDisco rallador de 3\/16, disco cubeador de 3\/8<br \/>\ndos soportes de discos para la pared<br \/>\nTres soportes dise\u00f1ados con espiga de disco para la pared para sostener tres discos y guardarlos.<br \/>\nLa l\u00ednea de procesadores de comida de Hobart le permite al operador rebanar y picar m\u00e1s r\u00e1pidamente sin perder consistencia.<br \/>\nProcesador de alimentos continuos con tolva de alimentaci\u00f3n de media luna<br \/>\nBot\u00f3n ON (encendido) en verde y bot\u00f3n OFF (apagado) en rojo<br \/>\nDise\u00f1o compacto<br \/>\nFrente en \u00e1ngulo<br \/>\nEngranaje motriz tipo planetaria<br \/>\nTolva de alimentaci\u00f3n de media luna grande<br \/>\nTolva y alojamiento de aluminio<br \/>\nInterruptor de seguros.<br \/>\nEspecificaciones:<br \/>\nCapacidad: 300 Kg\/hr<br \/>\nVoltaje: 120\/60\/1<br \/>\nPotencia: 1\/3 HP<br \/>\nVelocidad disco de 420 RPM<br \/>\nMedidas: 0.22\u00d70.42\u00d70.50 m<\/p>\n","protected":false},"excerpt":{"rendered":"<p>CORTADOR PARA ALIMENTOS CON 3 DISCOS FP-100-1<\/p>\n","protected":false},"featured_media":1701,"comment_status":"closed","ping_status":"closed","template":"","meta":{"site-sidebar-layout":"default","site-content-layout":"","ast-site-content-layout":"default","site-content-style":"default","site-sidebar-style":"default","ast-global-header-display":"","ast-banner-title-visibility":"","ast-main-header-display":"","ast-hfb-above-header-display":"","ast-hfb-below-header-display":"","ast-hfb-mobile-header-display":"","site-post-title":"","ast-breadcrumbs-content":"","ast-featured-img":"","footer-sml-layout":"","ast-disable-related-posts":"","theme-transparent-header-meta":"","adv-header-id-meta":"","stick-header-meta":"","header-above-stick-meta":"","header-main-stick-meta":"","header-below-stick-meta":"","astra-migrate-meta-layouts":"default","ast-page-background-enabled":"default","ast-page-background-meta":{"desktop":{"background-color":"var(--ast-global-color-5)","background-image":"","background-repeat":"repeat","background-position":"center center","background-size":"auto","background-attachment":"scroll","background-type":"","background-media":"","overlay-type":"","overlay-color":"","overlay-opacity":"","overlay-gradient":""},"tablet":{"background-color":"","background-image":"","background-repeat":"repeat","background-position":"center center","background-size":"auto","background-attachment":"scroll","background-type":"","background-media":"","overlay-type":"","overlay-color":"","overlay-opacity":"","overlay-gradient":""},"mobile":{"background-color":"","background-image":"","background-repeat":"repeat","background-position":"center center","background-size":"auto","background-attachment":"scroll","background-type":"","background-media":"","overlay-type":"","overlay-color":"","overlay-opacity":"","overlay-gradient":""}},"ast-content-background-meta":{"desktop":{"background-color":"var(--ast-global-color-4)","background-image":"","background-repeat":"repeat","background-position":"center center","background-size":"auto","background-attachment":"scroll","background-type":"","background-media":"","overlay-type":"","overlay-color":"","overlay-opacity":"","overlay-gradient":""},"tablet":{"background-color":"var(--ast-global-color-4)","background-image":"","background-repeat":"repeat","background-position":"center center","background-size":"auto","background-attachment":"scroll","background-type":"","background-media":"","overlay-type":"","overlay-color":"","overlay-opacity":"","overlay-gradient":""},"mobile":{"background-color":"var(--ast-global-color-4)","background-image":"","background-repeat":"repeat","background-position":"center center","background-size":"auto","background-attachment":"scroll","background-type":"","background-media":"","overlay-type":"","overlay-color":"","overlay-opacity":"","overlay-gradient":""}}},"product_brand":[],"product_cat":[678,676,627,677],"product_tag":[],"class_list":{"0":"post-1700","1":"product","2":"type-product","3":"status-publish","4":"has-post-thumbnail","6":"product_cat-cortadores-de-verduras-procesadores-de-alimento-equipo-de-preparacion-hobart","7":"product_cat-equipo-de-preparacion-hobart","8":"product_cat-hobart","9":"product_cat-procesadores-de-alimento-equipo-de-preparacion-hobart","10":"desktop-align-left","11":"tablet-align-left","12":"mobile-align-left","14":"first","15":"instock","16":"purchasable","17":"product-type-simple"},"_links":{"self":[{"href":"https:\/\/tienda.cocinascisa.com\/index.php\/wp-json\/wp\/v2\/product\/1700","targetHints":{"allow":["GET"]}}],"collection":[{"href":"https:\/\/tienda.cocinascisa.com\/index.php\/wp-json\/wp\/v2\/product"}],"about":[{"href":"https:\/\/tienda.cocinascisa.com\/index.php\/wp-json\/wp\/v2\/types\/product"}],"replies":[{"embeddable":true,"href":"https:\/\/tienda.cocinascisa.com\/index.php\/wp-json\/wp\/v2\/comments?post=1700"}],"wp:featuredmedia":[{"embeddable":true,"href":"https:\/\/tienda.cocinascisa.com\/index.php\/wp-json\/wp\/v2\/media\/1701"}],"wp:attachment":[{"href":"https:\/\/tienda.cocinascisa.com\/index.php\/wp-json\/wp\/v2\/media?parent=1700"}],"wp:term":[{"taxonomy":"product_brand","embeddable":true,"href":"https:\/\/tienda.cocinascisa.com\/index.php\/wp-json\/wp\/v2\/product_brand?post=1700"},{"taxonomy":"product_cat","embeddable":true,"href":"https:\/\/tienda.cocinascisa.com\/index.php\/wp-json\/wp\/v2\/product_cat?post=1700"},{"taxonomy":"product_tag","embeddable":true,"href":"https:\/\/tienda.cocinascisa.com\/index.php\/wp-json\/wp\/v2\/product_tag?post=1700"}],"curies":[{"name":"wp","href":"https:\/\/api.w.org\/{rel}","templated":true}]}}