{"id":1702,"date":"2021-10-13T00:00:00","date_gmt":"2021-10-13T00:00:00","guid":{"rendered":"https:\/\/tienda.cocinascisa.com\/index.php\/producto\/cortador-de-alimentos-con-capacidad-de-462-kgs-hr-fp-250-1\/"},"modified":"2026-03-18T18:56:35","modified_gmt":"2026-03-18T18:56:35","slug":"cortador-de-alimentos-con-capacidad-de-462-kgs-hr-fp-250-1","status":"publish","type":"product","link":"https:\/\/tienda.cocinascisa.com\/index.php\/producto\/cortador-de-alimentos-con-capacidad-de-462-kgs-hr-fp-250-1\/","title":{"rendered":"CORTADOR DE ALIMENTOS CON CAPACIDAD DE 462 KGS\/HR, FP 250-1"},"content":{"rendered":"<p>Navajas de uso rudo.<br \/>\nMotores con alto torque.<br \/>\nTiempo m\u00e1s r\u00e1pido de preparaci\u00f3n y resultados consistentes utilizando controles simples.<br \/>\nCuerpo inclinado para facilitar su manejo.<br \/>\nInterruptor de seguridad para protecci\u00f3n del operador.<br \/>\nCapacidad para procesar altos vol\u00famenes.<br \/>\nConstrucci\u00f3n en aluminio para facilitar la limpieza.<br \/>\nUna gran cantidad de vegetales no significa mucho tiempo de preparaci\u00f3n<br \/>\nLa l\u00ednea de procesadores de comida de Hobart le permite al operador rebanar y picar m\u00e1s r\u00e1pidamente sin perder consistencia.<br \/>\nEl alimentador de gran tama\u00f1o elimina el tener que cortar previamente los vegetales para procesar una gran cantidad de zanahorias, pepinos, etc., por largos periodos de tiempo.<br \/>\nLa l\u00ednea de procesadores de comida de Hobart le permite al operador rebanar y picar m\u00e1s r\u00e1pidamente sin perder consistencia.<br \/>\nProcesador de alimentos continuos con tolva de alimentaci\u00f3n de media luna<br \/>\nBot\u00f3n ON (encendido) en verde y bot\u00f3n OFF (apagado) en rojo<br \/>\nDise\u00f1o compacto<br \/>\nFrente en \u00e1ngulo<br \/>\nEngranaje motriz tipo planetaria<br \/>\nTolva de alimentaci\u00f3n de media luna grande<br \/>\nInterruptor de seguros.<br \/>\nEspecificaciones:<br \/>\nCapacidad: 462 Kg\/hr<br \/>\nVoltaje: 120\/60\/1<br \/>\nPotencia: 3\/4 HP<br \/>\nVelocidad disco de 420 RPM<br \/>\nMedidas: 0.25\u00d70.45\u00d70.60 m<\/p>\n","protected":false},"excerpt":{"rendered":"<p>CORTADOR DE ALIMENTOS CON CAPACIDAD DE 462 KGS\/HR, FP-250-1<\/p>\n","protected":false},"featured_media":1703,"comment_status":"closed","ping_status":"closed","template":"","meta":{"site-sidebar-layout":"default","site-content-layout":"","ast-site-content-layout":"default","site-content-style":"default","site-sidebar-style":"default","ast-global-header-display":"","ast-banner-title-visibility":"","ast-main-header-display":"","ast-hfb-above-header-display":"","ast-hfb-below-header-display":"","ast-hfb-mobile-header-display":"","site-post-title":"","ast-breadcrumbs-content":"","ast-featured-img":"","footer-sml-layout":"","ast-disable-related-posts":"","theme-transparent-header-meta":"","adv-header-id-meta":"","stick-header-meta":"","header-above-stick-meta":"","header-main-stick-meta":"","header-below-stick-meta":"","astra-migrate-meta-layouts":"default","ast-page-background-enabled":"default","ast-page-background-meta":{"desktop":{"background-color":"var(--ast-global-color-5)","background-image":"","background-repeat":"repeat","background-position":"center center","background-size":"auto","background-attachment":"scroll","background-type":"","background-media":"","overlay-type":"","overlay-color":"","overlay-opacity":"","overlay-gradient":""},"tablet":{"background-color":"","background-image":"","background-repeat":"repeat","background-position":"center center","background-size":"auto","background-attachment":"scroll","background-type":"","background-media":"","overlay-type":"","overlay-color":"","overlay-opacity":"","overlay-gradient":""},"mobile":{"background-color":"","background-image":"","background-repeat":"repeat","background-position":"center center","background-size":"auto","background-attachment":"scroll","background-type":"","background-media":"","overlay-type":"","overlay-color":"","overlay-opacity":"","overlay-gradient":""}},"ast-content-background-meta":{"desktop":{"background-color":"var(--ast-global-color-4)","background-image":"","background-repeat":"repeat","background-position":"center center","background-size":"auto","background-attachment":"scroll","background-type":"","background-media":"","overlay-type":"","overlay-color":"","overlay-opacity":"","overlay-gradient":""},"tablet":{"background-color":"var(--ast-global-color-4)","background-image":"","background-repeat":"repeat","background-position":"center center","background-size":"auto","background-attachment":"scroll","background-type":"","background-media":"","overlay-type":"","overlay-color":"","overlay-opacity":"","overlay-gradient":""},"mobile":{"background-color":"var(--ast-global-color-4)","background-image":"","background-repeat":"repeat","background-position":"center center","background-size":"auto","background-attachment":"scroll","background-type":"","background-media":"","overlay-type":"","overlay-color":"","overlay-opacity":"","overlay-gradient":""}}},"product_brand":[],"product_cat":[678,676,627,677],"product_tag":[],"class_list":{"0":"post-1702","1":"product","2":"type-product","3":"status-publish","4":"has-post-thumbnail","6":"product_cat-cortadores-de-verduras-procesadores-de-alimento-equipo-de-preparacion-hobart","7":"product_cat-equipo-de-preparacion-hobart","8":"product_cat-hobart","9":"product_cat-procesadores-de-alimento-equipo-de-preparacion-hobart","10":"desktop-align-left","11":"tablet-align-left","12":"mobile-align-left","14":"first","15":"instock","16":"purchasable","17":"product-type-simple"},"_links":{"self":[{"href":"https:\/\/tienda.cocinascisa.com\/index.php\/wp-json\/wp\/v2\/product\/1702","targetHints":{"allow":["GET"]}}],"collection":[{"href":"https:\/\/tienda.cocinascisa.com\/index.php\/wp-json\/wp\/v2\/product"}],"about":[{"href":"https:\/\/tienda.cocinascisa.com\/index.php\/wp-json\/wp\/v2\/types\/product"}],"replies":[{"embeddable":true,"href":"https:\/\/tienda.cocinascisa.com\/index.php\/wp-json\/wp\/v2\/comments?post=1702"}],"wp:featuredmedia":[{"embeddable":true,"href":"https:\/\/tienda.cocinascisa.com\/index.php\/wp-json\/wp\/v2\/media\/1703"}],"wp:attachment":[{"href":"https:\/\/tienda.cocinascisa.com\/index.php\/wp-json\/wp\/v2\/media?parent=1702"}],"wp:term":[{"taxonomy":"product_brand","embeddable":true,"href":"https:\/\/tienda.cocinascisa.com\/index.php\/wp-json\/wp\/v2\/product_brand?post=1702"},{"taxonomy":"product_cat","embeddable":true,"href":"https:\/\/tienda.cocinascisa.com\/index.php\/wp-json\/wp\/v2\/product_cat?post=1702"},{"taxonomy":"product_tag","embeddable":true,"href":"https:\/\/tienda.cocinascisa.com\/index.php\/wp-json\/wp\/v2\/product_tag?post=1702"}],"curies":[{"name":"wp","href":"https:\/\/api.w.org\/{rel}","templated":true}]}}