{"id":1948,"date":"2022-07-28T00:00:00","date_gmt":"2022-07-28T00:00:00","guid":{"rendered":"https:\/\/tienda.cocinascisa.com\/index.php\/producto\/algodonera-de-tipo-sobre-poner-mj-500\/"},"modified":"2026-03-18T18:59:26","modified_gmt":"2026-03-18T18:59:26","slug":"algodonera-de-tipo-sobre-poner-mj-500","status":"publish","type":"product","link":"https:\/\/tienda.cocinascisa.com\/index.php\/producto\/algodonera-de-tipo-sobre-poner-mj-500\/","title":{"rendered":"ALGODONERA DE TIPO SOBRE PONER MJ-500"},"content":{"rendered":"<p>F\u00e1cil de limpiar con un pa\u00f1o h\u00famedo<br \/>\nBajo mantenimiento<br \/>\nPerilla de control de temperatura<br \/>\nEncendido, apagado el interruptor de bot\u00f3n<br \/>\nOperaci\u00f3n f\u00e1cil y segura<br \/>\nTaz\u00f3n de acero inoxidable<br \/>\nForma Algodones Grandes<br \/>\nAlta velocidad de transferencia desde fuente<br \/>\nEficiencia extra de Trabajo de Alto<br \/>\nSuperficie extremadamente brillante, no aglutinaci\u00f3n az\u00facar<br \/>\nMano de obra precisa para los agujeros de salida de caramelo<br \/>\nNo t\u00f3xico<br \/>\nIncluye:<\/p>\n<p>Maquina Comercial de Algod\u00f3n de az\u00facar<br \/>\nTaz\u00f3n de acero inoxidable<br \/>\nCaj\u00f3n desmontable de acero inoxidable<br \/>\nEspecificaciones:<br \/>\nCapacidad: 4-6 Algodones por minuto<br \/>\nDesmontable adicional 20-1\/2 grande \u00abde di\u00e1metro.<br \/>\nVoltaje: 120 V\/60 Hz<br \/>\nPotencia: 950 W<br \/>\nMedidas: 0.52\u00d70.52\u00d70.44 m<br \/>\nPeso: 13 Kg.<\/p>\n","protected":false},"excerpt":{"rendered":"<p>ALGODONERA DE TIPO SOBRE PONER MJ-500<\/p>\n","protected":false},"featured_media":1949,"comment_status":"closed","ping_status":"closed","template":"","meta":{"site-sidebar-layout":"default","site-content-layout":"","ast-site-content-layout":"default","site-content-style":"default","site-sidebar-style":"default","ast-global-header-display":"","ast-banner-title-visibility":"","ast-main-header-display":"","ast-hfb-above-header-display":"","ast-hfb-below-header-display":"","ast-hfb-mobile-header-display":"","site-post-title":"","ast-breadcrumbs-content":"","ast-featured-img":"","footer-sml-layout":"","ast-disable-related-posts":"","theme-transparent-header-meta":"","adv-header-id-meta":"","stick-header-meta":"","header-above-stick-meta":"","header-main-stick-meta":"","header-below-stick-meta":"","astra-migrate-meta-layouts":"default","ast-page-background-enabled":"default","ast-page-background-meta":{"desktop":{"background-color":"var(--ast-global-color-5)","background-image":"","background-repeat":"repeat","background-position":"center center","background-size":"auto","background-attachment":"scroll","background-type":"","background-media":"","overlay-type":"","overlay-color":"","overlay-opacity":"","overlay-gradient":""},"tablet":{"background-color":"","background-image":"","background-repeat":"repeat","background-position":"center center","background-size":"auto","background-attachment":"scroll","background-type":"","background-media":"","overlay-type":"","overlay-color":"","overlay-opacity":"","overlay-gradient":""},"mobile":{"background-color":"","background-image":"","background-repeat":"repeat","background-position":"center center","background-size":"auto","background-attachment":"scroll","background-type":"","background-media":"","overlay-type":"","overlay-color":"","overlay-opacity":"","overlay-gradient":""}},"ast-content-background-meta":{"desktop":{"background-color":"var(--ast-global-color-4)","background-image":"","background-repeat":"repeat","background-position":"center center","background-size":"auto","background-attachment":"scroll","background-type":"","background-media":"","overlay-type":"","overlay-color":"","overlay-opacity":"","overlay-gradient":""},"tablet":{"background-color":"var(--ast-global-color-4)","background-image":"","background-repeat":"repeat","background-position":"center center","background-size":"auto","background-attachment":"scroll","background-type":"","background-media":"","overlay-type":"","overlay-color":"","overlay-opacity":"","overlay-gradient":""},"mobile":{"background-color":"var(--ast-global-color-4)","background-image":"","background-repeat":"repeat","background-position":"center center","background-size":"auto","background-attachment":"scroll","background-type":"","background-media":"","overlay-type":"","overlay-color":"","overlay-opacity":"","overlay-gradient":""}}},"product_brand":[],"product_cat":[518,498,357,487],"product_tag":[],"class_list":{"0":"post-1948","1":"product","2":"type-product","3":"status-publish","4":"has-post-thumbnail","6":"product_cat-algodonera","7":"product_cat-fuente-de-sodas-snack","8":"product_cat-migsa","9":"product_cat-snack","10":"desktop-align-left","11":"tablet-align-left","12":"mobile-align-left","14":"first","15":"instock","16":"purchasable","17":"product-type-simple"},"_links":{"self":[{"href":"https:\/\/tienda.cocinascisa.com\/index.php\/wp-json\/wp\/v2\/product\/1948","targetHints":{"allow":["GET"]}}],"collection":[{"href":"https:\/\/tienda.cocinascisa.com\/index.php\/wp-json\/wp\/v2\/product"}],"about":[{"href":"https:\/\/tienda.cocinascisa.com\/index.php\/wp-json\/wp\/v2\/types\/product"}],"replies":[{"embeddable":true,"href":"https:\/\/tienda.cocinascisa.com\/index.php\/wp-json\/wp\/v2\/comments?post=1948"}],"wp:featuredmedia":[{"embeddable":true,"href":"https:\/\/tienda.cocinascisa.com\/index.php\/wp-json\/wp\/v2\/media\/1949"}],"wp:attachment":[{"href":"https:\/\/tienda.cocinascisa.com\/index.php\/wp-json\/wp\/v2\/media?parent=1948"}],"wp:term":[{"taxonomy":"product_brand","embeddable":true,"href":"https:\/\/tienda.cocinascisa.com\/index.php\/wp-json\/wp\/v2\/product_brand?post=1948"},{"taxonomy":"product_cat","embeddable":true,"href":"https:\/\/tienda.cocinascisa.com\/index.php\/wp-json\/wp\/v2\/product_cat?post=1948"},{"taxonomy":"product_tag","embeddable":true,"href":"https:\/\/tienda.cocinascisa.com\/index.php\/wp-json\/wp\/v2\/product_tag?post=1948"}],"curies":[{"name":"wp","href":"https:\/\/api.w.org\/{rel}","templated":true}]}}