{"id":899,"date":"2021-10-13T00:00:00","date_gmt":"2021-10-13T00:00:00","guid":{"rendered":"https:\/\/tienda.cocinascisa.com\/index.php\/producto\/mezcladora-electrica-5ef-1d-dg\/"},"modified":"2026-03-18T18:36:33","modified_gmt":"2026-03-18T18:36:33","slug":"mezcladora-electrica-5ef-1d-dg","status":"publish","type":"product","link":"https:\/\/tienda.cocinascisa.com\/index.php\/producto\/mezcladora-electrica-5ef-1d-dg\/","title":{"rendered":"MEZCLADORA ELECTRICA 5EF-1D-DG"},"content":{"rendered":"<p>Llave mezcladora electr\u00f3nica instalada en la cubierta<br \/>\nGrifo con sensor de orificio simple<br \/>\nInstalado en la cubierta con cuello de ganso r\u00edgido. Llave de sensor electr\u00f3nico de montaje en cubierta de un solo orificio con cuerpo de lat\u00f3n cromado pulido y cuello de cisne r\u00edgido de 5 11\/16 \u00ab, aireador antivand\u00e1lico de 2.2 GPM, m\u00f3dulo de control de CA \/ CC, v\u00e1lvula mezcladora de control de temperatura con v\u00e1lvulas de retenci\u00f3n integrales y mangueras de suministro de acero inoxidable flexible de 18\u00bb con conexiones de compresi\u00f3n de 3\/8 \u00ab. Certificado seg\u00fan ASME A112.18.1 \/ CSA B125.1, NSF 61-Secci\u00f3n 9, NSF 372 y UL 1951.<\/p>\n","protected":false},"excerpt":{"rendered":"<p>LLAVE ELECTRONICA A CUBIERTA. 5EF-1D-DG<\/p>\n","protected":false},"featured_media":900,"comment_status":"closed","ping_status":"closed","template":"","meta":{"site-sidebar-layout":"default","site-content-layout":"","ast-site-content-layout":"default","site-content-style":"default","site-sidebar-style":"default","ast-global-header-display":"","ast-banner-title-visibility":"","ast-main-header-display":"","ast-hfb-above-header-display":"","ast-hfb-below-header-display":"","ast-hfb-mobile-header-display":"","site-post-title":"","ast-breadcrumbs-content":"","ast-featured-img":"","footer-sml-layout":"","ast-disable-related-posts":"","theme-transparent-header-meta":"","adv-header-id-meta":"","stick-header-meta":"","header-above-stick-meta":"","header-main-stick-meta":"","header-below-stick-meta":"","astra-migrate-meta-layouts":"default","ast-page-background-enabled":"default","ast-page-background-meta":{"desktop":{"background-color":"var(--ast-global-color-5)","background-image":"","background-repeat":"repeat","background-position":"center center","background-size":"auto","background-attachment":"scroll","background-type":"","background-media":"","overlay-type":"","overlay-color":"","overlay-opacity":"","overlay-gradient":""},"tablet":{"background-color":"","background-image":"","background-repeat":"repeat","background-position":"center center","background-size":"auto","background-attachment":"scroll","background-type":"","background-media":"","overlay-type":"","overlay-color":"","overlay-opacity":"","overlay-gradient":""},"mobile":{"background-color":"","background-image":"","background-repeat":"repeat","background-position":"center center","background-size":"auto","background-attachment":"scroll","background-type":"","background-media":"","overlay-type":"","overlay-color":"","overlay-opacity":"","overlay-gradient":""}},"ast-content-background-meta":{"desktop":{"background-color":"var(--ast-global-color-4)","background-image":"","background-repeat":"repeat","background-position":"center center","background-size":"auto","background-attachment":"scroll","background-type":"","background-media":"","overlay-type":"","overlay-color":"","overlay-opacity":"","overlay-gradient":""},"tablet":{"background-color":"var(--ast-global-color-4)","background-image":"","background-repeat":"repeat","background-position":"center center","background-size":"auto","background-attachment":"scroll","background-type":"","background-media":"","overlay-type":"","overlay-color":"","overlay-opacity":"","overlay-gradient":""},"mobile":{"background-color":"var(--ast-global-color-4)","background-image":"","background-repeat":"repeat","background-position":"center center","background-size":"auto","background-attachment":"scroll","background-type":"","background-media":"","overlay-type":"","overlay-color":"","overlay-opacity":"","overlay-gradient":""}}},"product_brand":[],"product_cat":[267,281,279,266],"product_tag":[],"class_list":{"0":"post-899","1":"product","2":"type-product","3":"status-publish","4":"has-post-thumbnail","6":"product_cat-griferia","7":"product_cat-griferia-con-censor-de-apertura","8":"product_cat-llave-mezcladora","9":"product_cat-ts","10":"desktop-align-left","11":"tablet-align-left","12":"mobile-align-left","14":"first","15":"instock","16":"purchasable","17":"product-type-simple"},"_links":{"self":[{"href":"https:\/\/tienda.cocinascisa.com\/index.php\/wp-json\/wp\/v2\/product\/899","targetHints":{"allow":["GET"]}}],"collection":[{"href":"https:\/\/tienda.cocinascisa.com\/index.php\/wp-json\/wp\/v2\/product"}],"about":[{"href":"https:\/\/tienda.cocinascisa.com\/index.php\/wp-json\/wp\/v2\/types\/product"}],"replies":[{"embeddable":true,"href":"https:\/\/tienda.cocinascisa.com\/index.php\/wp-json\/wp\/v2\/comments?post=899"}],"wp:featuredmedia":[{"embeddable":true,"href":"https:\/\/tienda.cocinascisa.com\/index.php\/wp-json\/wp\/v2\/media\/900"}],"wp:attachment":[{"href":"https:\/\/tienda.cocinascisa.com\/index.php\/wp-json\/wp\/v2\/media?parent=899"}],"wp:term":[{"taxonomy":"product_brand","embeddable":true,"href":"https:\/\/tienda.cocinascisa.com\/index.php\/wp-json\/wp\/v2\/product_brand?post=899"},{"taxonomy":"product_cat","embeddable":true,"href":"https:\/\/tienda.cocinascisa.com\/index.php\/wp-json\/wp\/v2\/product_cat?post=899"},{"taxonomy":"product_tag","embeddable":true,"href":"https:\/\/tienda.cocinascisa.com\/index.php\/wp-json\/wp\/v2\/product_tag?post=899"}],"curies":[{"name":"wp","href":"https:\/\/api.w.org\/{rel}","templated":true}]}}